{"id":2641,"date":"2024-03-04T16:40:28","date_gmt":"2024-03-04T16:40:28","guid":{"rendered":"https:\/\/stankakristl-yachtcharter.at\/about-us\/"},"modified":"2024-12-10T19:02:29","modified_gmt":"2024-12-10T19:02:29","slug":"uber-uns","status":"publish","type":"page","link":"https:\/\/stankakristl-yachtcharter.at\/de\/uber-uns\/","title":{"rendered":"\u00dcber uns"},"content":{"rendered":"<p>[vc_row gap=&#8221;0&#8243; content_placement=&#8221;middle&#8221; parallax=&#8221;enable_parallax&#8221; bg_position=&#8221;center top&#8221; enable_overlay=&#8221;yes&#8221; enable_row_dividers=&#8221;yes&#8221; responsive_css=&#8221;padding_top_large:300px|padding_bottom_large:200px&#8221; css=&#8221;.vc_custom_1709572185520{margin-bottom: 50px !important;padding-top: 120px !important;padding-bottom: 100px !important;background-image: url(https:\/\/stankakristl-yachtcharter.at\/wp-content\/uploads\/2024\/03\/bg-1.jpg?id=1884) !important;background-position: center;background-repeat: no-repeat;background-size: cover !important;}&#8221; overlay_bg=&#8221;rgba(0, 0, 0, 0.4)&#8221; el_class=&#8221;page_title&#8221; row_svg_divider=&#8221;bottom_shape_type:5|bottom_shape_color:%23ffffff|bottom_shape_height:199|bottom_shape_bringtofront:yes&#8221;][vc_column responsive_align=&#8221;text-center&#8221;]<style>.ld_fancy_heading_69e66ae98b735 h1{color:rgb(255, 255, 255);}.ld_fancy_heading_69e66ae98b735 h1 {font-size:36px; } @media (min-width: 768px) { .ld_fancy_heading_69e66ae98b735 h1 {font-size:50px; }  } .ld_fancy_heading_69e66ae98b735 .lqd-highlight-inner{height:0.275em!important;bottom:0px!important;}.ld_fancy_heading_69e66ae98b735 h1 {font-size:36px; } @media (min-width: 768px) { .ld_fancy_heading_69e66ae98b735 h1 {font-size:50px; }  } <\/style><div class=\"ld-fancy-heading text-center ld_fancy_heading_69e66ae98b735\">\n\t<h1 class=\"ld-fh-element lqd-highlight-underline lqd-highlight-grow-left text-decoration-default\"   >  \u00dcber uns<\/h1><\/div>[vc_text_separator title=&#8221;\u2666&#8221; color=&#8221;white&#8221; border_width=&#8221;2&#8243; el_width=&#8221;30&#8243; el_class=&#8221;separator_white&#8221;][\/vc_column][\/vc_row][vc_row css=&#8221;.vc_custom_1709662066984{padding-bottom: 0px !important;}&#8221;][vc_column width=&#8221;1\/6&#8243; enable_content_animation=&#8221;yes&#8221; ca_init_scale_x=&#8221;1&#8243; ca_init_scale_y=&#8221;1&#8243; ca_init_opacity=&#8221;0&#8243; ca_an_scale_x=&#8221;1&#8243; ca_an_scale_y=&#8221;1&#8243; ca_an_opacity=&#8221;1&#8243; ca_init_scale_z=&#8221;1&#8243; ca_an_scale_z=&#8221;1&#8243; align=&#8221;text-center&#8221; css=&#8221;.vc_custom_1709657609224{margin-bottom: 40px !important;}&#8221; ca_duration=&#8221;1800&#8243; ca_delay=&#8221;180&#8243; ca_init_translate_y=&#8221;60&#8243; responsive_css=&#8221;margin_bottom_medium:55px&#8221; responsive_align=&#8221;text-md-center&#8221;][\/vc_column][vc_column width=&#8221;2\/3&#8243;]<style>.ld_spacer_69e66ae98b92b{height:32px;}<\/style>\n<div class=\"ld-empty-space ld_spacer_69e66ae98b92b\"><\/div><style>.ld_fancy_heading_69e66ae98ba8f h1 {margin-bottom:0.35em !important;  } .ld_fancy_heading_69e66ae98ba8f .lqd-highlight-inner{height:0.275em!important;bottom:0px!important;}.ld_fancy_heading_69e66ae98ba8f h1 {margin-bottom:0.35em !important;  } <\/style><div class=\"ld-fancy-heading text-center ld_fancy_heading_69e66ae98ba8f\">\n\t<h1 class=\"ld-fh-element lqd-highlight-underline lqd-highlight-grow-left text-decoration-default\"   >  \u00dcber das Stanka Kristl Yachtcharter Team<\/h1><\/div>[vc_text_separator title=&#8221;\u2666&#8221; color=&#8221;custom&#8221; border_width=&#8221;2&#8243; el_width=&#8221;30&#8243; accent_color=&#8221;#00ccff&#8221; el_class=&#8221;separator_blue&#8221;]<style>.ld_fancy_heading_69e66ae98bc6a .lqd-highlight-inner{height:0.275em!important;bottom:0px!important;}<\/style><div class=\"ld-fancy-heading text-left ld_fancy_heading_69e66ae98bc6a\">\n\t<p class=\"ld-fh-element lqd-highlight-underline lqd-highlight-grow-left text-decoration-default\"   >  Stanka Kristl Yachtcharter ist eine Charterfirma, die 2011 von Frau Stanka Kristl gegr\u00fcndet wurde. Frau Kristl nutzte ihre langj\u00e4hrige Erfahrung im Charter, um ihre eigene Firma zu gr\u00fcnden. Leider musste sie sich aus gesundheitlichen Gr\u00fcnden aus der Firma zur\u00fcckziehen und am 1. M\u00e4rz 2015 wurde es von Herrn Danijel Klaric, ihrem B\u00fcrokollegen und treuen Freund, \u00fcbernommen. Danijel verf\u00fcgt, genau wie Stanka, \u00fcber mehr als 30 Jahre Erfahrung im Yachtcharter und deckt dabei alle Yachtgebiete ab. Der Name und der Brand blieben unver\u00e4ndert und Frau Kristl unterst\u00fctzt das Team weiterhin tatkr\u00e4ftig. Als die Firma wuchs, trat Danijels Tochter Tea Klaric Jercic als Charter Brokerin in der Firma ein. Heute wir sind eine kleine Familienfirma, das den Job macht, den wir lieben. Unsere Mission ist es, unsere eigene Leidenschaft f\u00fcr das Segeln zu verbreiten, indem wir unseren Kunden das beste Segelerlebnis bieten.<\/p>\n<p>Transparenz bei der Charterabwicklung und pers\u00f6nliche Kundenbetreuung stehen f\u00fcr uns an erster Stelle. Wir arbeiten ausschlie\u00dflich mit Charterunternehmen zusammen, die \u00fcber gut gewartete Schiffe und ein professionelles Team verf\u00fcgen, um unseren Kunden einen reibungslosen und erholsamen Segelurlaub zu gew\u00e4hrleisten. Wir sind in Dalmatien, Kroatien und der Steiermark, \u00d6sterreich ans\u00e4ssig, bieten Ihnen jedoch einen weltweiten Yachtcharter-Service.<\/p>\n<p>Gute Qualit\u00e4t erfordert professionelle Abwicklung und Sicherheit, deshalb sind wir offizieller Partner von \u201eYacht-Pool\u201c \u2013 Versicherungsdienstleister. F\u00fcr jede Buchung, die Sie bei uns t\u00e4tigen, erhalten Sie ein Versicherungszertifikat als Garantie f\u00fcr Ihre Charterzahlung.<\/p>\n<p>Segeln \u2013 fernab jeglicher Hektik \u2013 den Alltag hinter sich lassen, das ist pure Entspannung. Genie\u00dfen Sie die Wellen des Meeres \u2013 die wundersch\u00f6nen, einsamen Buchten, die Kulinarik und das Flair der K\u00fcsten, egal ob mit Freunden, der Familie oder nur zu zweit.<\/p>\n<p>Kontaktieren Sie uns vertrauensvoll, wir sind f\u00fcr die Verwirklichung Ihrer W\u00fcnsche da.<\/p><\/div><style>.ld_spacer_69e66ae98bdb8{height:32px;}<\/style>\n<div class=\"ld-empty-space ld_spacer_69e66ae98bdb8\"><\/div>[\/vc_column][vc_column width=&#8221;1\/6&#8243;][\/vc_column][\/vc_row][vc_row gap=&#8221;30&#8243; disable_element=&#8221;yes&#8221; css=&#8221;.vc_custom_1733429327058{padding-top: 50px !important;background-color: #f7f7f7 !important;}&#8221;][vc_column width=&#8221;1\/4&#8243;][\/vc_column][vc_column width=&#8221;3\/4&#8243;]<div  class=\"lqd-simple-heading-wrap ld_simple_heading_69e66ae98be3f\">\n<h2 class=\"lqd-simple-heading\">\n\tOur partners<\/h2>\n<\/div>[\/vc_column][\/vc_row][vc_row gap=&#8221;30&#8243; disable_element=&#8221;yes&#8221; css=&#8221;.vc_custom_1733429333196{padding-top: 50px !important;background-color: #f7f7f7 !important;}&#8221;][vc_column width=&#8221;1\/4&#8243;][vc_single_image image=&#8221;1938&#8243; alignment=&#8221;left&#8221; onclick=&#8221;custom_link&#8221; enable_link=&#8221;enable_image_link&#8221; link=&#8221;url:http%3A%2F%2Fwww.helios-stratos.hr%2F||target:%20_blank|&#8221;]<style>.ld_spacer_69e66ae98c221{height:32px;}<\/style>\n<div class=\"ld-empty-space ld_spacer_69e66ae98c221\"><\/div>[\/vc_column][vc_column width=&#8221;3\/4&#8243;]<div  class=\"lqd-simple-heading-wrap ld_simple_heading_69e66ae98c2b3\">\n<h4 class=\"lqd-simple-heading\">\n\tHelios Stratos<\/h4>\n<\/div>[vc_column_text]We want to take you on a journey to the hidden beaches and coves of Croatia. Find ancient historic places and old cities on islands or along the coast and experience an unforgettable sailing trip on our top maintained sailboats.<\/p>\n<p>Our base is located in the Yacht Club Baoti\u0107, in Seget Donji, close to a fishing village near the town of Trogir, whose old town is a UNESCO World Heritage Site. Whether immediately after arrival or the day after you are able to reach safe anchorages or moorings in sheltered marinas on the islands of Solta and Brac or in the cities of Rogoznica, Primosten and Split ashore in a short time. A variety of wonderful destinations that make the sailor&#8217;s heart beat faster!<\/p>\n<p>The Austrian and Croatian company co-operation promises a very important personal advice in all matters &#8211; we speak your language, fulfill your holiday wishes and help in the selection of yachts.<\/p>\n<p>From a company perspective we are a young company, but our &#8220;know-how&#8221; goes far back. Rudi and Danijel, two old but always good-humored and obliging lads for all your concerns, in beginning of booking untill the end of your sailing trip.<\/p>\n<p>We guarantee first-class quality with our name.<\/p>\n<p>Unforgettable moments for the whole family and friends to live life the way it makes you happy.[\/vc_column_text][\/vc_column][\/vc_row][vc_row gap=&#8221;30&#8243; disable_element=&#8221;yes&#8221; css=&#8221;.vc_custom_1733429339051{padding-top: 50px !important;background-color: #f7f7f7 !important;}&#8221;][vc_column width=&#8221;1\/4&#8243;][vc_single_image image=&#8221;1935&#8243; alignment=&#8221;left&#8221; onclick=&#8221;custom_link&#8221; enable_link=&#8221;enable_image_link&#8221; link=&#8221;url:http%3A%2F%2Fwww.jadranka-yachting.com%2Fen%2F||target:%20_blank|&#8221;]<style>.ld_spacer_69e66ae98c34c{height:32px;}<\/style>\n<div class=\"ld-empty-space ld_spacer_69e66ae98c34c\"><\/div>[\/vc_column][vc_column width=&#8221;3\/4&#8243;]<div  class=\"lqd-simple-heading-wrap ld_simple_heading_69e66ae98c3bf\">\n<h4 class=\"lqd-simple-heading\">\n\tJadranka Yachting<\/h4>\n<\/div>[vc_column_text]Jadranka Yachting is a limited liability company that belongs to the Jadranka Group, the largest tourism and trade joint stock company on the islands of Cres and Lo\u0161inj comprising 6 hotels, 4 camps, and a range of catering and retail facilities. This represents a guarantee that Jadranka Yachting offers complete and good-quality nautical services. Our fleet of new and completely equipped ELAN sailing boats is located in Mali Lo\u0161inj, the largest island city in Croatia situated on the island of Lo\u0161inj. Due to its geographic position, Mali Lo\u0161inj is an ideal port of departure. After spending an active vacation, experience Lo\u0161inj, an oasis of greenery surrounding our villas, apartments, camps, and hotels.[\/vc_column_text][\/vc_column][\/vc_row][vc_row gap=&#8221;30&#8243; disable_element=&#8221;yes&#8221; css=&#8221;.vc_custom_1733429345116{padding-top: 50px !important;background-color: #f7f7f7 !important;}&#8221;][vc_column width=&#8221;1\/4&#8243;][vc_single_image image=&#8221;1936&#8243; alignment=&#8221;left&#8221; onclick=&#8221;custom_link&#8221; enable_link=&#8221;enable_image_link&#8221; link=&#8221;url:http%3A%2F%2Fwww.ayasegeln.at%2F||target:%20_blank|&#8221;]<style>.ld_spacer_69e66ae98c462{height:32px;}<\/style>\n<div class=\"ld-empty-space ld_spacer_69e66ae98c462\"><\/div>[\/vc_column][vc_column width=&#8221;3\/4&#8243;]<div  class=\"lqd-simple-heading-wrap ld_simple_heading_69e66ae98c4d6\">\n<h4 class=\"lqd-simple-heading\">\n\tAYA &#8211; Adria Yachting Austria<\/h4>\n<\/div>[\/vc_column][\/vc_row][vc_row gap=&#8221;30&#8243; disable_element=&#8221;yes&#8221; css=&#8221;.vc_custom_1733429351274{padding-top: 50px !important;padding-bottom: 50px !important;background-color: #f7f7f7 !important;}&#8221;][vc_column width=&#8221;1\/4&#8243;][vc_single_image image=&#8221;1937&#8243; alignment=&#8221;left&#8221; onclick=&#8221;custom_link&#8221; enable_link=&#8221;enable_image_link&#8221; link=&#8221;url:https%3A%2F%2Fwww.yachtpoolflights.de%2F||target:%20_blank|&#8221;]<style>.ld_spacer_69e66ae98c560{height:32px;}<\/style>\n<div class=\"ld-empty-space ld_spacer_69e66ae98c560\"><\/div>[\/vc_column][vc_column width=&#8221;3\/4&#8243;]<div  class=\"lqd-simple-heading-wrap ld_simple_heading_69e66ae98c5cf\">\n<h4 class=\"lqd-simple-heading\">\n\tYacht Pool Flights<\/h4>\n<\/div>[\/vc_column][\/vc_row][vc_row gap=&#8221;30&#8243; content_placement=&#8221;middle&#8221; enable_gradient=&#8221;yes&#8221; enable_row_dividers=&#8221;yes&#8221; css=&#8221;.vc_custom_1733445562260{padding-top: 90px !important;padding-bottom: 90px !important;background-color: #0058a5 !important;}&#8221; el_class=&#8221;white&#8221; gradient_bg=&#8221;linear-gradient(195deg, #0bccee 0%, rgb(54, 70, 127) 100%)&#8221; row_svg_divider=&#8221;top_shape_type:5|top_shape_color:%23fcfcfc|top_shape_height:90|top_shape_bringtofront:yes|bottom_shape_type:8|bottom_shape_color:%23f4f4f4|bottom_shape_height:90&#8243;][vc_column width=&#8221;1\/5&#8243;]<style>.ld_simple_heading_69e66ae98c65d h2{color:rgb(255, 255, 255);}<\/style><div  class=\"lqd-simple-heading-wrap ld_simple_heading_69e66ae98c65d\">\n<h2 class=\"lqd-simple-heading\">\n\tUnser Team<\/h2>\n<\/div>[vc_column_text el_class=&#8221;white&#8221;]<strong>Immer f\u00fcr Sie da, mit Rat und Tat zur Seite steht.<\/strong>[\/vc_column_text][\/vc_column][vc_column width=&#8221;1\/5&#8243;][vc_single_image image=&#8221;2502&#8243; alignment=&#8221;left&#8221; style=&#8221;vc_box_circle&#8221; onclick=&#8221;custom_link&#8221; enable_link=&#8221;enable_image_link&#8221; link=&#8221;url:https%3A%2F%2Fwww.yachtpoolflights.de%2F||target:%20_blank|&#8221;][\/vc_column][vc_column width=&#8221;1\/5&#8243;]<style>.ld_simple_heading_69e66ae98c70a h4{color:rgb(255, 255, 255);}<\/style><div  class=\"lqd-simple-heading-wrap ld_simple_heading_69e66ae98c70a\">\n<h4 class=\"lqd-simple-heading\">\n\tDanijel<\/h4>\n<\/div>[vc_column_text]<strong>CEO<\/strong><\/p>\n<p>Sprachen:<br \/>\nKroatisch, Englisch und Deutsch[\/vc_column_text][\/vc_column][vc_column width=&#8221;1\/5&#8243;][vc_single_image image=&#8221;2505&#8243; alignment=&#8221;left&#8221; style=&#8221;vc_box_circle&#8221; onclick=&#8221;custom_link&#8221; enable_link=&#8221;enable_image_link&#8221; link=&#8221;url:https%3A%2F%2Fwww.yachtpoolflights.de%2F||target:%20_blank|&#8221;][\/vc_column][vc_column width=&#8221;1\/5&#8243;]<style>.ld_simple_heading_69e66ae98c79d h4{color:rgb(255, 255, 255);}<\/style><div  class=\"lqd-simple-heading-wrap ld_simple_heading_69e66ae98c79d\">\n<h4 class=\"lqd-simple-heading\">\n\tTea<\/h4>\n<\/div>[vc_column_text]<strong>Yachtcharter Brokerin<\/strong><\/p>\n<p>Sprachen:<br \/>\nKroatisch, Englisch, Spanisch und Deutsch[\/vc_column_text][\/vc_column][\/vc_row][vc_row css=&#8221;.vc_custom_1733429215977{padding-top: 50px !important;background-color: #f4f4f4 !important;}&#8221; el_class=&#8221;testimonials&#8221;][vc_column]<style>.ld_spacer_69e66ae98c831{height:32px;}<\/style>\n<div class=\"ld-empty-space ld_spacer_69e66ae98c831\"><\/div><style>.ld_fancy_heading_69e66ae98c954 .lqd-highlight-inner{height:0.275em!important;bottom:0px!important;}<\/style><div class=\"ld-fancy-heading text-center ld_fancy_heading_69e66ae98c954\">\n\t<h3 class=\"ld-fh-element lqd-highlight-underline lqd-highlight-grow-left text-decoration-default\"   >  Referenzen<\/h3><\/div>[\/vc_column][\/vc_row][vc_row css=&#8221;.vc_custom_1733854540369{padding-bottom: 70px !important;background-color: #f4f4f4 !important;}&#8221; el_class=&#8221;testimonials&#8221;][vc_column]<style>.carousel-container.ld_carousel_tab_69e66ae98d1fa .carousel-item{width:100%;flex-basis:100%;padding-inline-start:50px;padding-inline-end:50px;}.carousel-container.ld_carousel_tab_69e66ae98d1fa .carousel-items{margin-inline-start:-50px;margin-inline-end:-50px;}.ld_carousel_tab_69e66ae98d1fa.carousel-dots{position:relative;top:auto;right:auto;bottom:-25px;left:auto;}@media (min-width: 768px) {.carousel-container.ld_carousel_tab_69e66ae98d1fa .carousel-item { width:100%; flex-basis: 100%; }}@media (min-width: 992px) {.carousel-container.ld_carousel_tab_69e66ae98d1fa .carousel-item { width:100%; flex-basis: 100%; }}<\/style><div id=\"ld_carousel_tab_69e66ae98d1fa\" class=\"carousel-container carousel-nav-floated carousel-nav-center carousel-nav-mobile-center carousel-nav-middle no carousel-nav-md carousel-dots-mobile-center carousel-dots-style1 carousel-dots-mobile-outside ld_carousel_tab_69e66ae98d1fa\">\n\n\t<div class=\"carousel-items\"  data-lqd-flickity='{\"cellSelector\":\".carousel-item\",\"cellAlign\":\"left\",\"prevNextButtons\":true,\"pageDots\":true,\"groupCells\":false,\"wrapAround\":true,\"autoPlay\":true,\"pauseAutoPlayOnHover\":false,\"navArrow\":\"1\",\"buttonsAppendTo\":\"self\",\"addSlideNumbersToArrows\":false,\"dotsIndicator\":\"dots\",\"numbersStyle\":\"circle\",\"dotsAppendTo\":\"self\"}' >\n\t<div class=\"carousel-item has-width\"><div class=\"carousel-item-inner\"><div class=\"carousel-item-content\">[vc_column_text]<\/p>\n<p style=\"text-align: center;\">Hallo,<\/p>\n<p style=\"text-align: center;\">war wirklich sehr zufrieden, Ihr habt mir trotz Samstag und sp\u00e4ter Uhrzeit aus der Patsche geholfen!<br \/>\nUnd LM-Yachting ist ein Super Team, waren wirklich immer zur Verf\u00fcgung, flink, freundlich und hilfsbereit!<\/p>\n<p style=\"text-align: center;\">Vielen Dank noch einmal f\u00fcr den sch\u00f6nen Urlaub!<\/p>\n<p>[\/vc_column_text]<\/div><\/div><\/div><div class=\"carousel-item has-width\"><div class=\"carousel-item-inner\"><div class=\"carousel-item-content\">[vc_column_text]<\/p>\n<p style=\"text-align: center;\">Hallo Hr. Danijel!<\/p>\n<p style=\"text-align: center;\">Wir hatten eine tolle Zeit und waren mit dem Schiff<br \/>\nzufrieden bzw. das Schiff hat unseren Erwartungen entsprochen.<\/p>\n<p style=\"text-align: center;\">Aufgrund der Kurzfristgkeit und des g\u00fcnstigen Preises hatten wir keine allzu gro\u00dfen Erwartungen. Und ein Schiff das 11 Jahre im Charter f\u00e4hrt, hat nat\u00fcrlich seine Gebrauchsspuren.<br \/>\nAber von der Optik abgesehen es hat alles funktioniert, vor allem die neuen Segel waren toll.<\/p>\n<p style=\"text-align: center;\">Die Vercharter-Crew war sehr freundlich und kompetent, wir waren zufrieden.<\/p>\n<p>[\/vc_column_text]<\/div><\/div><\/div><div class=\"carousel-item has-width\"><div class=\"carousel-item-inner\"><div class=\"carousel-item-content\">[vc_column_text]<\/p>\n<p style=\"text-align: center;\">Lieber Danijel,<br \/>\nDanke f\u00fcr die Nachfrage, es hat alles perfekt gepasst das Firstteam ist ganz toll, freundlich und professionell.<\/p>\n<p>[\/vc_column_text]<\/div><\/div><\/div><div class=\"carousel-item has-width\"><div class=\"carousel-item-inner\"><div class=\"carousel-item-content\">[vc_column_text]<\/p>\n<p style=\"text-align: center;\">Liebe Frau Kristl!<\/p>\n<p style=\"text-align: center;\">Hat alles perfekt gepa\u00dft!!<br \/>\nSchiff und Betreuung waren sehr gut.<\/p>\n<p>[\/vc_column_text]<\/div><\/div><\/div><div class=\"carousel-item has-width\"><div class=\"carousel-item-inner\"><div class=\"carousel-item-content\">[vc_column_text]<\/p>\n<p style=\"text-align: center;\">Guten Tag!<\/p>\n<p style=\"text-align: center;\">Ja,es war ein sehr sch\u00f6ner T\u00f6rn, Das Wetter war super, an einem Tag hatten wir 8 bft und 3m Wellen!!<br \/>\nMit Kekeris hat alles gepasst. Die Buchten und H\u00e4fen waren traumhaft sch\u00f6n.<br \/>\nDanke nochmals f\u00fcr die gewohnt hervorragende Betreuung.<\/p>\n<p>[\/vc_column_text]<\/div><\/div><\/div><div class=\"carousel-item has-width\"><div class=\"carousel-item-inner\"><div class=\"carousel-item-content\">[vc_column_text]<\/p>\n<p style=\"text-align: center;\">Hallo Danijel,<\/p>\n<p style=\"text-align: center;\">es hat alles bestens funktioniert, Schiff\u00fcbernahme,Transfer, war perfekt. Vielen Dank f\u00fcr die gute Organisation.<br \/>\nDas Schiff war ebenfalls super. Technisch einwandfrei, gut gepflegt und ausgestattet, und superschnell. Richard hat gesagt, wie Ferrari gegen Wohnmobil. Alles in allem ein sch\u00f6ner T\u00f6rn, eine tolle Woche!<br \/>\nLiebe Gr\u00fc\u00dfe an Dich und Stanka von der ganzen Crew!<\/p>\n<p>[\/vc_column_text]<\/div><\/div><\/div><div class=\"carousel-item has-width\"><div class=\"carousel-item-inner\"><div class=\"carousel-item-content\">[vc_column_text]<\/p>\n<p style=\"text-align: center;\">Es war wie immer alles perfekt \u2013<\/p>\n<p style=\"text-align: center;\">vielen Dank an Sie und Frau Kristl f\u00fcr den wunderbaren Service !!!!<\/p>\n<p>[\/vc_column_text]<\/div><\/div><\/div><div class=\"carousel-item has-width\"><div class=\"carousel-item-inner\"><div class=\"carousel-item-content\">[vc_column_text]<\/p>\n<p style=\"text-align: center;\">Wir hatten einen sehr sch\u00f6nen und erholsamen T\u00f6rn. Sowohl in organisatorischer als auch in zwischenmenschlicher Hinsicht hat aus meiner Sicht sowohl mit ihrer Agentur als auch mit dem Vercharterer Garant d.o.o. alles zu unserer vollsten Zufriedenheit funktioniert.<\/p>\n<p>[\/vc_column_text]<\/div><\/div><\/div><div class=\"carousel-item has-width\"><div class=\"carousel-item-inner\"><div class=\"carousel-item-content\">[vc_column_text]<\/p>\n<p style=\"text-align: center;\">Danijel,<\/p>\n<p style=\"text-align: center;\">S\u00f3lo un breve email para decirles que ha sido una semana magn\u00edfica en Croacia. El catamar\u00e1n y el skipper, Mateo, estuvieron simplemente geniales.<\/p>\n<p style=\"text-align: center;\">\u00a1Muchas gracias!<\/p>\n<p style=\"text-align: center;\">Todo lo mejor,<\/p>\n<p style=\"text-align: center;\">Sara<\/p>\n<p>[\/vc_column_text]<\/div><\/div><\/div><div class=\"carousel-item has-width\"><div class=\"carousel-item-inner\"><div class=\"carousel-item-content\">[vc_column_text]<\/p>\n<p style=\"text-align: center;\">Hi Danijel,<\/p>\n<p style=\"text-align: center;\">Back to Spain, we would like to thank you for your highly effective and undoubtedly professional support on the organization of our Gulet trip what has happened to be a fantastic week in Croatia for all of us. We are also very grateful to Dare and his crew on Altair Gulet, which has played a key role in the success of the trip.<\/p>\n<p style=\"text-align: center;\">Let&#8217;s be in touch and look forward to collaborating again with you in the future.<\/p>\n<p style=\"text-align: center;\">All the best,<\/p>\n<p style=\"text-align: center;\">Fernando<\/p>\n<p>[\/vc_column_text]<\/div><\/div><\/div><div class=\"carousel-item has-width\"><div class=\"carousel-item-inner\"><div class=\"carousel-item-content\">[vc_column_text]<\/p>\n<p style=\"text-align: center;\">Hi Danijel, we had a great time in Croatia. Providers team was very professional.<\/p>\n<p style=\"text-align: center;\">Kind regards!!<\/p>\n<p style=\"text-align: center;\">Rodrigo<\/p>\n<p>[\/vc_column_text]<\/div><\/div><\/div>\t<\/div>\n\n<\/div>[\/vc_column][\/vc_row][vc_row css=&#8221;.vc_custom_1733430621575{padding-top: 50px !important;padding-bottom: 50px !important;}&#8221;][vc_column width=&#8221;1\/2&#8243;][vc_video link=&#8221;https:\/\/youtu.be\/-ccI1YgTKLk&#8221; css=&#8221;.vc_custom_1733431598221{margin-bottom: 10px !important;}&#8221;][vc_column_text]<\/p>\n<p style=\"text-align: center;\">Katamarant\u00f6rn S\u00fcddalmatien 08.06. &#8211; 14.06.2019.<\/p>\n<p>[\/vc_column_text]<style>.ld_spacer_69e66ae98dd80{height:32px;}<\/style>\n<div class=\"ld-empty-space ld_spacer_69e66ae98dd80\"><\/div>[\/vc_column][vc_column width=&#8221;1\/2&#8243;][vc_video link=&#8221;https:\/\/youtu.be\/mRgg-4GbWBc&#8221; css=&#8221;.vc_custom_1733431624364{margin-bottom: 10px !important;}&#8221;][vc_column_text]<\/p>\n<p style=\"text-align: center;\">Katamarant\u00f6rn S\u00fcddalmatien 06.06. \u2013 13.06.2020.<\/p>\n<p>[\/vc_column_text]<style>.ld_spacer_69e66ae98ddfd{height:32px;}<\/style>\n<div class=\"ld-empty-space ld_spacer_69e66ae98ddfd\"><\/div>[\/vc_column][vc_column width=&#8221;1\/2&#8243;][vc_video link=&#8221;https:\/\/youtu.be\/I6Rjt0mKZz4&#8243; css=&#8221;.vc_custom_1733431632581{margin-bottom: 10px !important;}&#8221;][vc_column_text]<\/p>\n<p style=\"text-align: center;\">Einsam mit dem Katamaran durch die Kornaten 24.10. \u2013 31.10. 2020.<\/p>\n<p>[\/vc_column_text]<style>.ld_spacer_69e66ae98de5a{height:32px;}<\/style>\n<div class=\"ld-empty-space ld_spacer_69e66ae98de5a\"><\/div>[\/vc_column][vc_column width=&#8221;1\/2&#8243;][vc_video link=&#8221;https:\/\/youtu.be\/_k7X1XGJ6sw&#8221; css=&#8221;.vc_custom_1733431640499{margin-bottom: 10px !important;}&#8221;][vc_column_text]<\/p>\n<p style=\"text-align: center;\">Katamarant\u00f6rn rund um Korsika von 12.06. \u2013 26.06.2021.<\/p>\n<p>[\/vc_column_text]<style>.ld_spacer_69e66ae98deb5{height:32px;}<\/style>\n<div class=\"ld-empty-space ld_spacer_69e66ae98deb5\"><\/div>[\/vc_column][\/vc_row]<\/p>\n","protected":false},"excerpt":{"rendered":"<p>[vc_row gap=&#8221;0&#8243; content_placement=&#8221;middle&#8221; parallax=&#8221;enable_parallax&#8221; bg_position=&#8221;center top&#8221; enable_overlay=&#8221;yes&#8221; enable_row_dividers=&#8221;yes&#8221; responsive_css=&#8221;padding_top_large:300px|padding_bottom_large:200px&#8221; css=&#8221;.vc_custom_1709572185520{margin-bottom: 50px !important;padding-top: 120px !important;padding-bottom: 100px !important;background-image: url(https:\/\/stankakristl-yachtcharter.at\/wp-content\/uploads\/2024\/03\/bg-1.jpg?id=1884) !important;background-position: center;background-repeat: no-repeat;background-size: cover !important;}&#8221; overlay_bg=&#8221;rgba(0, 0, 0, 0.4)&#8221; el_class=&#8221;page_title&#8221; row_svg_divider=&#8221;bottom_shape_type:5|bottom_shape_color:%23ffffff|bottom_shape_height:199|bottom_shape_bringtofront:yes&#8221;][vc_column responsive_align=&#8221;text-center&#8221;][vc_text_separator title=&#8221;\u2666&#8221; color=&#8221;white&#8221; border_width=&#8221;2&#8243; el_width=&#8221;30&#8243; el_class=&#8221;separator_white&#8221;][\/vc_column][\/vc_row][vc_row css=&#8221;.vc_custom_1709662066984{padding-bottom: 0px !important;}&#8221;][vc_column width=&#8221;1\/6&#8243; enable_content_animation=&#8221;yes&#8221; ca_init_scale_x=&#8221;1&#8243; ca_init_scale_y=&#8221;1&#8243; ca_init_opacity=&#8221;0&#8243; ca_an_scale_x=&#8221;1&#8243; ca_an_scale_y=&#8221;1&#8243; ca_an_opacity=&#8221;1&#8243; ca_init_scale_z=&#8221;1&#8243; ca_an_scale_z=&#8221;1&#8243; align=&#8221;text-center&#8221; css=&#8221;.vc_custom_1709657609224{margin-bottom: 40px !important;}&#8221; ca_duration=&#8221;1800&#8243; ca_delay=&#8221;180&#8243; ca_init_translate_y=&#8221;60&#8243; responsive_css=&#8221;margin_bottom_medium:55px&#8221; [&hellip;]<\/p>\n","protected":false},"author":1,"featured_media":0,"parent":0,"menu_order":0,"comment_status":"closed","ping_status":"closed","template":"","meta":{"footnotes":""},"class_list":["post-2641","page","type-page","status-publish","hentry"],"_links":{"self":[{"href":"https:\/\/stankakristl-yachtcharter.at\/de\/wp-json\/wp\/v2\/pages\/2641","targetHints":{"allow":["GET"]}}],"collection":[{"href":"https:\/\/stankakristl-yachtcharter.at\/de\/wp-json\/wp\/v2\/pages"}],"about":[{"href":"https:\/\/stankakristl-yachtcharter.at\/de\/wp-json\/wp\/v2\/types\/page"}],"author":[{"embeddable":true,"href":"https:\/\/stankakristl-yachtcharter.at\/de\/wp-json\/wp\/v2\/users\/1"}],"replies":[{"embeddable":true,"href":"https:\/\/stankakristl-yachtcharter.at\/de\/wp-json\/wp\/v2\/comments?post=2641"}],"version-history":[{"count":3,"href":"https:\/\/stankakristl-yachtcharter.at\/de\/wp-json\/wp\/v2\/pages\/2641\/revisions"}],"predecessor-version":[{"id":2689,"href":"https:\/\/stankakristl-yachtcharter.at\/de\/wp-json\/wp\/v2\/pages\/2641\/revisions\/2689"}],"wp:attachment":[{"href":"https:\/\/stankakristl-yachtcharter.at\/de\/wp-json\/wp\/v2\/media?parent=2641"}],"curies":[{"name":"wp","href":"https:\/\/api.w.org\/{rel}","templated":true}]}}