{"id":2676,"date":"2021-01-08T10:10:06","date_gmt":"2021-01-08T10:10:06","guid":{"rendered":"https:\/\/stankakristl-yachtcharter.at\/contact\/"},"modified":"2025-01-09T21:57:36","modified_gmt":"2025-01-09T21:57:36","slug":"kontakt","status":"publish","type":"page","link":"https:\/\/stankakristl-yachtcharter.at\/de\/kontakt\/","title":{"rendered":"Kontakt"},"content":{"rendered":"<p>[vc_row gap=&#8221;0&#8243; content_placement=&#8221;middle&#8221; parallax=&#8221;enable_parallax&#8221; bg_position=&#8221;center top&#8221; enable_overlay=&#8221;yes&#8221; enable_row_dividers=&#8221;yes&#8221; responsive_css=&#8221;padding_top_large:300px|padding_bottom_large:200px&#8221; css=&#8221;.vc_custom_1709572185520{margin-bottom: 50px !important;padding-top: 120px !important;padding-bottom: 100px !important;background-image: url(https:\/\/stankakristl-yachtcharter.at\/wp-content\/uploads\/2024\/03\/bg-1.jpg?id=1884) !important;background-position: center;background-repeat: no-repeat;background-size: cover !important;}&#8221; overlay_bg=&#8221;rgba(0, 0, 0, 0.4)&#8221; el_class=&#8221;page_title&#8221; row_svg_divider=&#8221;bottom_shape_type:5|bottom_shape_color:%23ffffff|bottom_shape_height:199|bottom_shape_bringtofront:yes&#8221;][vc_column responsive_align=&#8221;text-center&#8221;]<style>.ld_fancy_heading_69e66ae82415e h1{color:rgb(255, 255, 255);}.ld_fancy_heading_69e66ae82415e h1 {font-size:36px; } @media (min-width: 768px) { .ld_fancy_heading_69e66ae82415e h1 {font-size:50px; }  } .ld_fancy_heading_69e66ae82415e .lqd-highlight-inner{height:0.275em!important;bottom:0px!important;}.ld_fancy_heading_69e66ae82415e h1 {font-size:36px; } @media (min-width: 768px) { .ld_fancy_heading_69e66ae82415e h1 {font-size:50px; }  } <\/style><div class=\"ld-fancy-heading text-center ld_fancy_heading_69e66ae82415e\">\n\t<h1 class=\"ld-fh-element lqd-highlight-underline lqd-highlight-grow-left text-decoration-default\"   >  Kontakt<\/h1><\/div>[vc_text_separator title=&#8221;\u2666&#8221; color=&#8221;white&#8221; border_width=&#8221;2&#8243; el_width=&#8221;30&#8243; el_class=&#8221;separator_white&#8221;][\/vc_column][\/vc_row][vc_row content_placement=&#8221;middle&#8221; responsive_css=&#8221;padding_top_medium:100px|padding_bottom_medium:100px|padding_top_small:80px|padding_bottom_small:80px&#8221; css=&#8221;.vc_custom_1610102039754{padding-top: 30px !important;padding-bottom: 60px !important;}&#8221;][vc_column enable_content_animation=&#8221;yes&#8221; ca_init_scale_x=&#8221;1&#8243; ca_init_scale_y=&#8221;1&#8243; ca_init_opacity=&#8221;0&#8243; ca_an_scale_x=&#8221;1&#8243; ca_an_scale_y=&#8221;1&#8243; ca_an_opacity=&#8221;1&#8243; ca_init_scale_z=&#8221;1&#8243; ca_an_scale_z=&#8221;1&#8243; offset=&#8221;vc_col-lg-5 vc_col-md-6&#8243; ca_duration=&#8221;1800&#8243; ca_delay=&#8221;180&#8243; ca_init_translate_y=&#8221;60&#8243; css=&#8221;.vc_custom_1610102029367{padding-top: 35px !important;padding-bottom: 35px !important;}&#8221;]<style>.ld_fancy_heading_69e66ae8246f1 h2 {font-size:34px; } @media (min-width: 992px) { .ld_fancy_heading_69e66ae8246f1 h2 {padding-right:14% !important;  }  } .ld_fancy_heading_69e66ae8246f1 .lqd-highlight-inner{height:0.275em!important;bottom:0px!important;}.ld_fancy_heading_69e66ae8246f1 h2 {font-size:34px; } @media (min-width: 992px) { .ld_fancy_heading_69e66ae8246f1 h2 {padding-right:14% !important;  }  } <\/style><div class=\"ld-fancy-heading ld_fancy_heading_69e66ae8246f1\">\n\t<h2 class=\"ld-fh-element lqd-highlight-underline lqd-highlight-grow-left text-decoration-default\"   >  Kontaktieren Sie uns<\/h2><\/div><style>.ld_fancy_heading_69e66ae8248d0 p {margin-bottom:1.85em !important;  } .ld_fancy_heading_69e66ae8248d0 .lqd-highlight-inner{height:0.275em!important;bottom:0px!important;}.ld_fancy_heading_69e66ae8248d0 p {margin-bottom:1.85em !important;  } <\/style><div class=\"ld-fancy-heading ld_fancy_heading_69e66ae8248d0\">\n\t<p class=\"ld-fh-element lqd-highlight-underline lqd-highlight-grow-left text-decoration-default\"   >  <strong>Danijel Klari\u0107 Yachtcharter<\/strong><br \/>\nStrassganger Strasse 112<br \/>\n8052 Graz, Austria<\/p>\n<p>Tel: 0043 676 503 4465<br \/>\nTel: 00385 99 4441728<\/p>\n<p>E-Mail: <a href=\"mailto:office@stankakristl-yachtcharter.at\">office@stankakristl-yachtcharter.at<\/a><\/p>\n<p>Skype: danijel_sky<\/p>\n<p>UID-Nr:\u00a0ATU69839749<\/p><\/div>[\/vc_column][vc_column enable_column_shadowbox=&#8221;yes&#8221; enable_content_animation=&#8221;yes&#8221; ca_init_scale_x=&#8221;1&#8243; ca_init_scale_y=&#8221;1&#8243; ca_init_opacity=&#8221;0&#8243; ca_an_scale_x=&#8221;1&#8243; ca_an_scale_y=&#8221;1&#8243; ca_an_opacity=&#8221;1&#8243; ca_init_scale_z=&#8221;1&#8243; ca_an_scale_z=&#8221;1&#8243; offset=&#8221;vc_col-md-6&#8243; css=&#8221;.vc_custom_1610101463920{padding-top: 35px !important;padding-right: 50px !important;padding-bottom: 40px !important;padding-left: 50px !important;background-color: #ffffff !important;border-radius: 5px !important;}&#8221; column_box_shadow=&#8221;%5B%7B%22x_offset%22%3A%220%22%2C%22y_offset%22%3A%2210px%22%2C%22blur_radius%22%3A%2260px%22%2C%22shadow_color%22%3A%22rgba(0%2C%200%2C%200%2C%200.07)%22%7D%5D&#8221; responsive_css=&#8221;margin_left_large:50px|padding_bottom_medium:20px&#8221; ca_duration=&#8221;1800&#8243; ca_start_delay=&#8221;250&#8243; ca_delay=&#8221;180&#8243; ca_init_translate_y=&#8221;35&#8243;]<style>.ld_fancy_heading_69e66ae824b72 h6 {font-size:20px; } .ld_fancy_heading_69e66ae824b72 h6 {margin-bottom:1.1em !important;  } .ld_fancy_heading_69e66ae824b72 .lqd-highlight-inner{height:0.275em!important;bottom:0px!important;}.ld_fancy_heading_69e66ae824b72 h6 {font-size:20px; } .ld_fancy_heading_69e66ae824b72 h6 {margin-bottom:1.1em !important;  } <\/style><div class=\"ld-fancy-heading ld_fancy_heading_69e66ae824b72\">\n\t<h6 class=\"ld-fh-element lqd-highlight-underline lqd-highlight-grow-left text-decoration-default\"   >  Senden Sie eine Nachricht<\/h6><\/div><style>.ld_cf7_69e66ae824cd4 input,.ld_cf7_69e66ae824cd4 textarea,.ld_cf7_69e66ae824cd4 .ui-button.ui-selectmenu-button{font-size:14px;font-weight:400;}.ld_cf7_69e66ae824cd4 input[type=\"submit\"]{font-size:16px;font-weight:700;background:rgb(40, 175, 96);color:rgb(255, 255, 255);border-color:rgb(40, 175, 96);}.ld_cf7_69e66ae824cd4 input, .ld_cf7_69e66ae824cd4 select, .ld_cf7_69e66ae824cd4 textarea, .ld_cf7_69e66ae824cd4 .ui-button.ui-selectmenu-button{background:rgb(247, 248, 248);}.ld_cf7_69e66ae824cd4 input, .ld_cf7_69e66ae824cd4 select, .ld_cf7_69e66ae824cd4 textarea, .ld_cf7_69e66ae824cd4 .ui-button.ui-selectmenu-button, .ld_cf7_69e66ae824cd4 .wpcf7-form-control-wrap > i, .ld_cf7_69e66ae824cd4 .wpcf7-radio{color:rgb(59, 75, 83);}.ld_cf7_69e66ae824cd4 input[type=\"submit\"]:focus,.ld_cf7_69e66ae824cd4 input[type=\"submit\"]:hover{background:rgb(24, 67, 65);}.ld_cf7_69e66ae824cd4 input[type=\"submit\"]:hover{color:rgb(255, 255, 255);border-color:rgb(24, 67, 65);}.ld_cf7_69e66ae824cd4 .wpcf7-form-control-wrap{margin-bottom:20px;}<\/style><div id=\"ld_cf7_69e66ae824cd4\" class=\"lqd-contact-form lqd-contact-form-inputs-filled lqd-contact-form-button-lg lqd-contact-form-button-block lqd-contact-form-button-round ld_cf7_69e66ae824cd4 vc_custom_1733856209630\">\n\t\n<div class=\"wpcf7 no-js\" id=\"wpcf7-f1535-o1\" lang=\"en-GB\" dir=\"ltr\" data-wpcf7-id=\"1535\">\n<div class=\"screen-reader-response\"><p role=\"status\" aria-live=\"polite\" aria-atomic=\"true\"><\/p> <ul><\/ul><\/div>\n<form action=\"\/de\/wp-json\/wp\/v2\/pages\/2676#wpcf7-f1535-o1\" method=\"post\" class=\"wpcf7-form init\" aria-label=\"Kontaktformular\" novalidate=\"novalidate\" data-status=\"init\">\n<div style=\"display: none;\">\n<input type=\"hidden\" name=\"_wpcf7\" value=\"1535\" \/>\n<input type=\"hidden\" name=\"_wpcf7_version\" value=\"6.0.2\" \/>\n<input type=\"hidden\" name=\"_wpcf7_locale\" value=\"en_GB\" \/>\n<input type=\"hidden\" name=\"_wpcf7_unit_tag\" value=\"wpcf7-f1535-o1\" \/>\n<input type=\"hidden\" name=\"_wpcf7_container_post\" value=\"0\" \/>\n<input type=\"hidden\" name=\"_wpcf7_posted_data_hash\" value=\"\" \/>\n<input type=\"hidden\" name=\"_wpcf7_recaptcha_response\" value=\"\" \/>\n<\/div>\n<p><span class=\"wpcf7-form-control-wrap\" data-name=\"your-name\"><input size=\"40\" maxlength=\"400\" class=\"wpcf7-form-control wpcf7-text wpcf7-validates-as-required\" aria-required=\"true\" aria-invalid=\"false\" placeholder=\"Name\" value=\"\" type=\"text\" name=\"your-name\" \/><\/span><span class=\"wpcf7-form-control-wrap\" data-name=\"your-email\"><input size=\"40\" maxlength=\"400\" class=\"wpcf7-form-control wpcf7-email wpcf7-validates-as-required wpcf7-text wpcf7-validates-as-email\" aria-required=\"true\" aria-invalid=\"false\" placeholder=\"Email\" value=\"\" type=\"email\" name=\"your-email\" \/><\/span><span class=\"wpcf7-form-control-wrap\" data-name=\"your-message\"><textarea cols=\"10\" rows=\"4\" maxlength=\"2000\" class=\"wpcf7-form-control wpcf7-textarea wpcf7-validates-as-required\" aria-required=\"true\" aria-invalid=\"false\" placeholder=\"Nachricht\" name=\"your-message\"><\/textarea><\/span><span class=\"wpcf7-form-control-wrap\" data-name=\"acceptance-14\"><span class=\"wpcf7-form-control wpcf7-acceptance\"><span class=\"wpcf7-list-item\"><label><input type=\"checkbox\" name=\"acceptance-14\" value=\"1\" aria-invalid=\"false\" \/><span class=\"wpcf7-list-item-label\">Ich bin mit der Datenschutzerkl\u00e4rung einverstanden<\/span><\/label><\/span><\/span><\/span><input class=\"wpcf7-form-control wpcf7-submit has-spinner\" type=\"submit\" value=\"Senden\" \/>\n<\/p><div class=\"wpcf7-response-output\" aria-hidden=\"true\"><\/div>\n<\/form>\n<\/div>\n<\/div>[\/vc_column][\/vc_row][vc_row gap=&#8221;30&#8243; disable_element=&#8221;yes&#8221; css=&#8221;.vc_custom_1709656316155{padding-top: 80px !important;padding-bottom: 50px !important;background-color: #f2f2f2 !important;}&#8221;][vc_column width=&#8221;1\/4&#8243;]<style>@media (min-width: 992px) { .ld_fancy_heading_69e66ae82557f h4 {padding-right:14% !important;  }  } .ld_fancy_heading_69e66ae82557f .lqd-highlight-inner{height:0.275em!important;bottom:0px!important;}@media (min-width: 992px) { .ld_fancy_heading_69e66ae82557f h4 {padding-right:14% !important;  }  } <\/style><div class=\"ld-fancy-heading ld_fancy_heading_69e66ae82557f\">\n\t<h4 class=\"ld-fh-element lqd-highlight-underline lqd-highlight-grow-left text-decoration-default\"   >  Contact<\/h4><\/div><style>.ld_fancy_heading_69e66ae825773 p {margin-bottom:1.85em !important;  } .ld_fancy_heading_69e66ae825773 .lqd-highlight-inner{height:0.275em!important;bottom:0px!important;}.ld_fancy_heading_69e66ae825773 p {margin-bottom:1.85em !important;  } <\/style><div class=\"ld-fancy-heading ld_fancy_heading_69e66ae825773\">\n\t<p class=\"ld-fh-element lqd-highlight-underline lqd-highlight-grow-left text-decoration-default\"   >  <strong>Helios Stratos d.o.o.<\/strong><br \/>\nCesta Dr. Franje Tu\u0111mana 1118<br \/>\n21217 Ka\u0161tel \u0160tafili\u0107, Hrvatska<br \/>\nOIB: 72956342235<br \/>\nMail: info@helios-stratos.hr<br \/>\nMob: 00385 99 4441728<\/p><\/div>[\/vc_column][vc_column width=&#8221;1\/4&#8243;]<style>@media (min-width: 992px) { .ld_fancy_heading_69e66ae82599c h4 {padding-right:14% !important;  }  } .ld_fancy_heading_69e66ae82599c .lqd-highlight-inner{height:0.275em!important;bottom:0px!important;}@media (min-width: 992px) { .ld_fancy_heading_69e66ae82599c h4 {padding-right:14% !important;  }  } <\/style><div class=\"ld-fancy-heading ld_fancy_heading_69e66ae82599c\">\n\t<h4 class=\"ld-fh-element lqd-highlight-underline lqd-highlight-grow-left text-decoration-default\"   >  Base<\/h4><\/div><style>.ld_fancy_heading_69e66ae825b76 p {margin-bottom:1.85em !important;  } .ld_fancy_heading_69e66ae825b76 .lqd-highlight-inner{height:0.275em!important;bottom:0px!important;}.ld_fancy_heading_69e66ae825b76 p {margin-bottom:1.85em !important;  } <\/style><div class=\"ld-fancy-heading ld_fancy_heading_69e66ae825b76\">\n\t<p class=\"ld-fh-element lqd-highlight-underline lqd-highlight-grow-left text-decoration-default\"   >  <strong>Marina Kremik<\/strong><br \/>\nSplitska 22-24<br \/>\n22202 Primo\u0161ten<br \/>\nHrvatska<br \/>\nMob: 00385 99 4441728<\/p><\/div>[\/vc_column][vc_column width=&#8221;1\/2&#8243;]<style>@media (min-width: 992px) { .ld_fancy_heading_69e66ae825dec h4 {padding-right:14% !important;  }  } .ld_fancy_heading_69e66ae825dec .lqd-highlight-inner{height:0.275em!important;bottom:0px!important;}@media (min-width: 992px) { .ld_fancy_heading_69e66ae825dec h4 {padding-right:14% !important;  }  } <\/style><div class=\"ld-fancy-heading ld_fancy_heading_69e66ae825dec\">\n\t<h4 class=\"ld-fh-element lqd-highlight-underline lqd-highlight-grow-left text-decoration-default\"   >  Company info<\/h4><\/div><style>.ld_fancy_heading_69e66ae825fcf p {margin-bottom:1.85em !important;  } .ld_fancy_heading_69e66ae825fcf .lqd-highlight-inner{height:0.275em!important;bottom:0px!important;}.ld_fancy_heading_69e66ae825fcf p {margin-bottom:1.85em !important;  } <\/style><div class=\"ld-fancy-heading ld_fancy_heading_69e66ae825fcf\">\n\t<p class=\"ld-fh-element lqd-highlight-underline lqd-highlight-grow-left text-decoration-default\"   >  Tax number: 72956342235<br \/>\nID: 4032250, Trgova\u010dki sud u Splitu<br \/>\nIBAN: HR7424020061100658472<br \/>\nErste banka &#8211; 51000 Rijeka, Jadranski Trg 3A<br \/>\nAccount number kuna\/foreign currency: 2402006-1100658472<br \/>\nBIC: ESBCHR22<br \/>\nInitial capital: 20.000,00 kuna, pla\u0107en u cijelosti<\/p><\/div>[\/vc_column][\/vc_row][vc_row full_width=&#8221;stretch_row&#8221; gap=&#8221;0&#8243; css=&#8221;.vc_custom_1733856404263{margin-bottom: 0px !important;background-color: #eaeaea !important;}&#8221;][vc_column][vc_raw_html css=&#8221;.vc_custom_1707260618345{margin-bottom: 0px !important;padding-bottom: 0px !important;}&#8221;]JTNDaWZyYW1lJTIwc2FuZGJveCUzRCUyMmFsbG93LXNjcmlwdHMlMjBhbGxvdy1wb3B1cHMlMjIlMjBzcmMlM0QlMjJodHRwcyUzQSUyRiUyRnd3dy5nb29nbGUuY29tJTJGbWFwcyUyRmVtYmVkJTNGcGIlM0QlMjExbTE4JTIxMW0xMiUyMTFtMyUyMTFkNDM5MjA1LjM0NTMwOTU3MDE0JTIxMmQxNS41MzQxODEzNDc5MDYzMDUlMjEzZDQzLjY4MjI1OTA1NTQ0NDQ4JTIxMm0zJTIxMWYwJTIxMmYwJTIxM2YwJTIxM20yJTIxMWkxMDI0JTIxMmk3NjglMjE0ZjEzLjElMjEzbTMlMjExbTIlMjExczB4MTMzNTE5MWIyNTdhNzYzYiUyNTNBMHg4NThkMGQyZGIwZDI5NmNmJTIxMnNNYXJpbmElMjUyMEtyZW1payUyNTIwZC5vLm8uJTIxNWUwJTIxM20yJTIxMXNociUyMTJzaHIlMjE0djE3MDcyNjAyODU2NTYlMjE1bTIlMjExc2hyJTIxMnNociUyMiUyMHdpZHRoJTNEJTIyMTAwJTI1JTIyJTIwaGVpZ2h0JTNEJTIyNDUwJTIyJTIwc3R5bGUlM0QlMjJib3JkZXIlM0EwJTNCJTIyJTIwYWxsb3dmdWxsc2NyZWVuJTNEJTIyJTIyJTIwbG9hZGluZyUzRCUyMmxhenklMjIlMjByZWZlcnJlcnBvbGljeSUzRCUyMm5vLXJlZmVycmVyLXdoZW4tZG93bmdyYWRlJTIyJTNFJTNDJTJGaWZyYW1lJTNF[\/vc_raw_html][\/vc_column][\/vc_row]<\/p>\n","protected":false},"excerpt":{"rendered":"<p>[vc_row gap=&#8221;0&#8243; content_placement=&#8221;middle&#8221; parallax=&#8221;enable_parallax&#8221; bg_position=&#8221;center top&#8221; enable_overlay=&#8221;yes&#8221; enable_row_dividers=&#8221;yes&#8221; responsive_css=&#8221;padding_top_large:300px|padding_bottom_large:200px&#8221; css=&#8221;.vc_custom_1709572185520{margin-bottom: 50px !important;padding-top: 120px !important;padding-bottom: 100px !important;background-image: url(https:\/\/stankakristl-yachtcharter.at\/wp-content\/uploads\/2024\/03\/bg-1.jpg?id=1884) !important;background-position: center;background-repeat: no-repeat;background-size: cover !important;}&#8221; overlay_bg=&#8221;rgba(0, 0, 0, 0.4)&#8221; el_class=&#8221;page_title&#8221; row_svg_divider=&#8221;bottom_shape_type:5|bottom_shape_color:%23ffffff|bottom_shape_height:199|bottom_shape_bringtofront:yes&#8221;][vc_column responsive_align=&#8221;text-center&#8221;][vc_text_separator title=&#8221;\u2666&#8221; color=&#8221;white&#8221; border_width=&#8221;2&#8243; el_width=&#8221;30&#8243; el_class=&#8221;separator_white&#8221;][\/vc_column][\/vc_row][vc_row content_placement=&#8221;middle&#8221; responsive_css=&#8221;padding_top_medium:100px|padding_bottom_medium:100px|padding_top_small:80px|padding_bottom_small:80px&#8221; css=&#8221;.vc_custom_1610102039754{padding-top: 30px !important;padding-bottom: 60px !important;}&#8221;][vc_column enable_content_animation=&#8221;yes&#8221; ca_init_scale_x=&#8221;1&#8243; ca_init_scale_y=&#8221;1&#8243; ca_init_opacity=&#8221;0&#8243; ca_an_scale_x=&#8221;1&#8243; ca_an_scale_y=&#8221;1&#8243; ca_an_opacity=&#8221;1&#8243; ca_init_scale_z=&#8221;1&#8243; ca_an_scale_z=&#8221;1&#8243; offset=&#8221;vc_col-lg-5 vc_col-md-6&#8243; ca_duration=&#8221;1800&#8243; ca_delay=&#8221;180&#8243; ca_init_translate_y=&#8221;60&#8243; [&hellip;]<\/p>\n","protected":false},"author":1,"featured_media":0,"parent":0,"menu_order":0,"comment_status":"closed","ping_status":"closed","template":"","meta":{"footnotes":""},"class_list":["post-2676","page","type-page","status-publish","hentry"],"_links":{"self":[{"href":"https:\/\/stankakristl-yachtcharter.at\/de\/wp-json\/wp\/v2\/pages\/2676","targetHints":{"allow":["GET"]}}],"collection":[{"href":"https:\/\/stankakristl-yachtcharter.at\/de\/wp-json\/wp\/v2\/pages"}],"about":[{"href":"https:\/\/stankakristl-yachtcharter.at\/de\/wp-json\/wp\/v2\/types\/page"}],"author":[{"embeddable":true,"href":"https:\/\/stankakristl-yachtcharter.at\/de\/wp-json\/wp\/v2\/users\/1"}],"replies":[{"embeddable":true,"href":"https:\/\/stankakristl-yachtcharter.at\/de\/wp-json\/wp\/v2\/comments?post=2676"}],"version-history":[{"count":3,"href":"https:\/\/stankakristl-yachtcharter.at\/de\/wp-json\/wp\/v2\/pages\/2676\/revisions"}],"predecessor-version":[{"id":2683,"href":"https:\/\/stankakristl-yachtcharter.at\/de\/wp-json\/wp\/v2\/pages\/2676\/revisions\/2683"}],"wp:attachment":[{"href":"https:\/\/stankakristl-yachtcharter.at\/de\/wp-json\/wp\/v2\/media?parent=2676"}],"curies":[{"name":"wp","href":"https:\/\/api.w.org\/{rel}","templated":true}]}}