{"id":4167,"date":"2026-03-12T18:44:59","date_gmt":"2026-03-12T18:44:59","guid":{"rendered":"https:\/\/stankakristl-yachtcharter.at\/official-dealership\/"},"modified":"2026-05-13T16:45:25","modified_gmt":"2026-05-13T16:45:25","slug":"offizieler-handler","status":"publish","type":"page","link":"https:\/\/stankakristl-yachtcharter.at\/de\/offizieler-handler\/","title":{"rendered":"Offizieller H\u00e4ndler"},"content":{"rendered":"<p>[vc_row gap=&#8221;0&#8243; content_placement=&#8221;middle&#8221; parallax=&#8221;enable_parallax&#8221; bg_position=&#8221;center center&#8221; enable_overlay=&#8221;yes&#8221; enable_row_dividers=&#8221;yes&#8221; responsive_css=&#8221;padding_top_large:300px|padding_bottom_large:200px&#8221; css=&#8221;.vc_custom_1773342477723{margin-bottom: 50px !important;padding-top: 120px !important;padding-bottom: 100px !important;background-image: url(https:\/\/stankakristl-yachtcharter.at\/wp-content\/uploads\/2026\/03\/Copy-of-DJI_0547.webp?id=3386) !important;background-position: center;background-repeat: no-repeat !important;background-size: cover !important;}&#8221; overlay_bg=&#8221;rgba(0, 0, 0, 0.4)&#8221; el_class=&#8221;page_title&#8221; row_svg_divider=&#8221;bottom_shape_type:5|bottom_shape_color:%23ffffff|bottom_shape_height:199|bottom_shape_bringtofront:yes&#8221;][vc_column responsive_align=&#8221;text-center&#8221;]<style>.ld_fancy_heading_6a05e81d6bf1f h1{color:rgb(255, 255, 255);}.ld_fancy_heading_6a05e81d6bf1f h1 {font-size:36px; } @media (min-width: 768px) { .ld_fancy_heading_6a05e81d6bf1f h1 {font-size:50px; }  } .ld_fancy_heading_6a05e81d6bf1f .lqd-highlight-inner{height:0.275em!important;bottom:0px!important;}.ld_fancy_heading_6a05e81d6bf1f h1 {font-size:36px; } @media (min-width: 768px) { .ld_fancy_heading_6a05e81d6bf1f h1 {font-size:50px; }  } <\/style><div class=\"ld-fancy-heading text-center ld_fancy_heading_6a05e81d6bf1f\">\n\t<h1 class=\"ld-fh-element lqd-highlight-underline lqd-highlight-grow-left text-decoration-default\"   >  Offizieller H\u00e4ndler in \u00d6sterreich f\u00fcr Katamarane der Firma Dufour 48 und Cervetti 44<\/h1><\/div>[vc_text_separator title=&#8221;&#x2666;&#8221; color=&#8221;white&#8221; border_width=&#8221;2&#8243; el_width=&#8221;30&#8243; el_class=&#8221;separator_white&#8221;][\/vc_column][\/vc_row][vc_row gap=&#8221;25&#8243; content_placement=&#8221;middle&#8221; el_class=&#8221;dealership_wrap&#8221;][vc_column]<style>.ld_spacer_6a05e81d6c178{height:32px;}<\/style>\n<div class=\"ld-empty-space ld_spacer_6a05e81d6c178\"><\/div>[\/vc_column][vc_column width=&#8221;1\/3&#8243; el_class=&#8221;dealership_img&#8221;][vc_single_image image=&#8221;3390&#8243; style=&#8221;vc_box_rounded&#8221;][\/vc_column][vc_column width=&#8221;2\/3&#8243; el_class=&#8221;dealership_txt&#8221;][vc_column_text]Liebe Segelfreunde,<\/p>\n<p>Es ist mir eine Ehre Ihnen mitteilen zu d\u00fcrfen, das wir offizieller H\u00e4ndler f\u00fcr Katamarane der Firma Dufour 48 und Cervetti 44 Motoryacht und Segelyacht f\u00fcr \u00d6sterreich geworden sind.<\/p>\n<p>Egal ob es sich um eine Eignerversion mit 3 Kabinen oder eine Charterversion mit 4 oder 5 Kabinen (beim Model Dufour 48 m\u00f6glich), individuelle W\u00fcnsche stehen Ihnen zur Verf\u00fcgung.<\/p>\n<p>F\u00fcr Charterversionen steht Ihnen meine Tochterfirma Helios Stratos in der Marina Kremik bei Primo\u0161ten in Kroatien mit dem Charter-Managementprogramm und sehr g\u00fcnstigen Finanzierungsl\u00f6sungen gerne zur Verf\u00fcgung.[\/vc_column_text][\/vc_column][vc_column width=&#8221;2\/3&#8243; el_class=&#8221;dealership_txt alt&#8221;][vc_column_text]Lassen Sie Tr\u00e4ume wahr werden, erf\u00fcllen Sie sich den Traum vom Eignerschiff. \u00dcberlassen Sie uns die Wartung und Vermietung Ihres Schiffes, und Sie geniesen alle Benefite die solche Katamaran-Modele brinden werden.<\/p>\n<p>Aktuelle Bilder, Videos und die Preisliste finden Sie unter den entsprechenden links.<\/p>\n<p>Probefahrten sind nat\u00fcrlich zu jederzeit m\u00f6glich, egal um welches Model es sich handelt. Die Katamarane liegen in der Marina Kremik bei Primo\u0161ten.<\/p>\n<p>Gerne stehen wir f\u00fcr alle Fragen zur Verf\u00fcgung.<\/p>\n<p>Wir freuen uns auf Sie.<\/p>\n<p>Mit besten Gr\u00fcssen<br \/>\nDanijel Klaric[\/vc_column_text][\/vc_column][vc_column width=&#8221;1\/3&#8243; el_class=&#8221;dealership_img alt&#8221;][vc_single_image image=&#8221;3393&#8243; style=&#8221;vc_box_rounded&#8221;][\/vc_column][vc_column]<style>.ld_spacer_6a05e81d6c239{height:60px;}<\/style>\n<div class=\"ld-empty-space ld_spacer_6a05e81d6c239\"><\/div>[\/vc_column][\/vc_row][vc_row gap=&#8221;25&#8243; css=&#8221;.vc_custom_1773343629855{padding-top: 50px !important;padding-bottom: 50px !important;background-color: #f4f4f4 !important;}&#8221; responsive_css=&#8221;padding_top_medium:70px|padding_bottom_medium:70px&#8221;][vc_column width=&#8221;1\/3&#8243;][vc_single_image image=&#8221;3379&#8243;][vc_column_text]<\/p>\n<h4>Dufour 48<\/h4>\n<p>Der Dufour 48 Katamaran bietet eine perfekte Balance zwischen Deckslayout, Cockpitbereich, Dach und Vordeck.[\/vc_column_text]<style>.ld_button_6a05e81d6c3b9.btn-icon-solid .btn-icon{background:rgb(0, 152, 207);}.ld_button_6a05e81d6c3b9.btn-icon-circle.btn-icon-ripple .btn-icon:before{border-color:rgb(0, 152, 207);}.ld_button_6a05e81d6c3b9.btn-icon-solid:hover .btn-icon{background:#003d66;}.ld_button_6a05e81d6c3b9{background-color:rgb(0, 152, 207);border-color:rgb(0, 152, 207);color:rgb(255, 255, 255);}.ld_button_6a05e81d6c3b9:hover{background-color:#003d66;border-color:#003d66;color:rgb(255, 255, 255);}.ld_button_6a05e81d6c3b9 .btn-gradient-bg-hover{background:-webkit-linear-gradient(to right, #003d66 0%, #003d66 100%);background:linear-gradient(to right, #003d66 0%, #003d66 100%);}.ld_button_6a05e81d6c3b9 .btn-gradient-border defs stop:first-child{stop-color:rgb(0, 152, 207);}.ld_button_6a05e81d6c3b9 .btn-gradient-border defs stop:last-child{stop-color:rgb(0, 152, 207);}.ld_button_6a05e81d6c3b9:hover .btn-gradient-border defs stop:first-child{stop-color:#003d66;}.ld_button_6a05e81d6c3b9:hover .btn-gradient-border defs stop:last-child{stop-color:#003d66;}<\/style><a href=\"\/de\/offizieler-handler\/dufour-48\/\" title=\"Dufour 48\" class=\"btn btn-solid border-thin btn-has-label ld_button_6a05e81d6c3b9 vc_custom_1778690693010\" >\n\t<span>\n\t\n\t\t\t\t\t<span class=\"btn-txt\" data-text=\"Mehr lesen\" >Mehr lesen<\/span>\n\t\t\n\t\t\t\t\t<\/span>\n<\/a>\n<style>.ld_spacer_6a05e81d6cfcf{height:50px;}<\/style>\n<div class=\"ld-empty-space vc_hidden-sm vc_hidden-md vc_hidden-lg ld_spacer_6a05e81d6cfcf\"><\/div>[\/vc_column][vc_column width=&#8221;1\/3&#8243;][vc_single_image image=&#8221;3376&#8243;][vc_column_text]<\/p>\n<h4>Cervetii 44 SY (sailing yacht)<\/h4>\n<p>Der Cervetti 44 Katamaran l\u00e4utet eine neue \u00c4ra ein und steht f\u00fcr Exzellenz, Innovation und attraktives Design.[\/vc_column_text]<style>.ld_button_6a05e81d6d179.btn-icon-solid .btn-icon{background:rgb(0, 152, 207);}.ld_button_6a05e81d6d179.btn-icon-circle.btn-icon-ripple .btn-icon:before{border-color:rgb(0, 152, 207);}.ld_button_6a05e81d6d179.btn-icon-solid:hover .btn-icon{background:#003d66;}.ld_button_6a05e81d6d179{background-color:rgb(0, 152, 207);border-color:rgb(0, 152, 207);color:rgb(255, 255, 255);}.ld_button_6a05e81d6d179:hover{background-color:#003d66;border-color:#003d66;color:rgb(255, 255, 255);}.ld_button_6a05e81d6d179 .btn-gradient-bg-hover{background:-webkit-linear-gradient(to right, #003d66 0%, #003d66 100%);background:linear-gradient(to right, #003d66 0%, #003d66 100%);}.ld_button_6a05e81d6d179 .btn-gradient-border defs stop:first-child{stop-color:rgb(0, 152, 207);}.ld_button_6a05e81d6d179 .btn-gradient-border defs stop:last-child{stop-color:rgb(0, 152, 207);}.ld_button_6a05e81d6d179:hover .btn-gradient-border defs stop:first-child{stop-color:#003d66;}.ld_button_6a05e81d6d179:hover .btn-gradient-border defs stop:last-child{stop-color:#003d66;}<\/style><a href=\"\/de\/offizieler-handler\/cervetii-44-sy\/\" title=\"Cervetii 44 SY\" class=\"btn btn-solid border-thin btn-has-label ld_button_6a05e81d6d179 vc_custom_1778690705610\" >\n\t<span>\n\t\n\t\t\t\t\t<span class=\"btn-txt\" data-text=\"Mehr lesen\" >Mehr lesen<\/span>\n\t\t\n\t\t\t\t\t<\/span>\n<\/a>\n<style>.ld_spacer_6a05e81d6d524{height:50px;}<\/style>\n<div class=\"ld-empty-space vc_hidden-sm vc_hidden-md vc_hidden-lg ld_spacer_6a05e81d6d524\"><\/div>[\/vc_column][vc_column width=&#8221;1\/3&#8243;][vc_single_image image=&#8221;3382&#8243;][vc_column_text]<\/p>\n<h4>Cervetti 44 MY (motor yacht)<\/h4>\n<p>Der Cervetti 44 Katamaran, ein Denkmal f\u00fcr Exzellenz und Kreativit\u00e4t, definiert mit seinem dynamischen Design und seinen einzigartigen Merkmalen den Yachtsport neu.[\/vc_column_text]<style>.ld_button_6a05e81d6d9d1.btn-icon-solid .btn-icon{background:rgb(0, 152, 207);}.ld_button_6a05e81d6d9d1.btn-icon-circle.btn-icon-ripple .btn-icon:before{border-color:rgb(0, 152, 207);}.ld_button_6a05e81d6d9d1.btn-icon-solid:hover .btn-icon{background:#003d66;}.ld_button_6a05e81d6d9d1{background-color:rgb(0, 152, 207);border-color:rgb(0, 152, 207);color:rgb(255, 255, 255);}.ld_button_6a05e81d6d9d1:hover{background-color:#003d66;border-color:#003d66;color:rgb(255, 255, 255);}.ld_button_6a05e81d6d9d1 .btn-gradient-bg-hover{background:-webkit-linear-gradient(to right, #003d66 0%, #003d66 100%);background:linear-gradient(to right, #003d66 0%, #003d66 100%);}.ld_button_6a05e81d6d9d1 .btn-gradient-border defs stop:first-child{stop-color:rgb(0, 152, 207);}.ld_button_6a05e81d6d9d1 .btn-gradient-border defs stop:last-child{stop-color:rgb(0, 152, 207);}.ld_button_6a05e81d6d9d1:hover .btn-gradient-border defs stop:first-child{stop-color:#003d66;}.ld_button_6a05e81d6d9d1:hover .btn-gradient-border defs stop:last-child{stop-color:#003d66;}<\/style><a href=\"\/de\/offizieler-handler\/cervetti-44-my\/\" title=\"Cervetti 44 MY\" class=\"btn btn-solid border-thin btn-has-label ld_button_6a05e81d6d9d1 vc_custom_1778690721097\" >\n\t<span>\n\t\n\t\t\t\t\t<span class=\"btn-txt\" data-text=\"Mehr lesen\" >Mehr lesen<\/span>\n\t\t\n\t\t\t\t\t<\/span>\n<\/a>\n[\/vc_column][\/vc_row]<\/p>\n","protected":false},"excerpt":{"rendered":"<p>[vc_row gap=&#8221;0&#8243; content_placement=&#8221;middle&#8221; parallax=&#8221;enable_parallax&#8221; bg_position=&#8221;center center&#8221; enable_overlay=&#8221;yes&#8221; enable_row_dividers=&#8221;yes&#8221; responsive_css=&#8221;padding_top_large:300px|padding_bottom_large:200px&#8221; css=&#8221;.vc_custom_1773342477723{margin-bottom: 50px !important;padding-top: 120px !important;padding-bottom: 100px !important;background-image: url(https:\/\/stankakristl-yachtcharter.at\/wp-content\/uploads\/2026\/03\/Copy-of-DJI_0547.webp?id=3386) !important;background-position: center;background-repeat: no-repeat !important;background-size: cover !important;}&#8221; overlay_bg=&#8221;rgba(0, 0, 0, 0.4)&#8221; el_class=&#8221;page_title&#8221; row_svg_divider=&#8221;bottom_shape_type:5|bottom_shape_color:%23ffffff|bottom_shape_height:199|bottom_shape_bringtofront:yes&#8221;][vc_column responsive_align=&#8221;text-center&#8221;][vc_text_separator title=&#8221;&#x2666;&#8221; color=&#8221;white&#8221; border_width=&#8221;2&#8243; el_width=&#8221;30&#8243; el_class=&#8221;separator_white&#8221;][\/vc_column][\/vc_row][vc_row gap=&#8221;25&#8243; content_placement=&#8221;middle&#8221; el_class=&#8221;dealership_wrap&#8221;][vc_column][\/vc_column][vc_column width=&#8221;1\/3&#8243; el_class=&#8221;dealership_img&#8221;][vc_single_image image=&#8221;3390&#8243; style=&#8221;vc_box_rounded&#8221;][\/vc_column][vc_column width=&#8221;2\/3&#8243; el_class=&#8221;dealership_txt&#8221;][vc_column_text]Liebe Segelfreunde, Es ist mir eine Ehre Ihnen mitteilen zu d\u00fcrfen, das [&hellip;]<\/p>\n","protected":false},"author":1,"featured_media":0,"parent":0,"menu_order":0,"comment_status":"closed","ping_status":"closed","template":"","meta":{"footnotes":""},"class_list":["post-4167","page","type-page","status-publish","hentry"],"_links":{"self":[{"href":"https:\/\/stankakristl-yachtcharter.at\/de\/wp-json\/wp\/v2\/pages\/4167","targetHints":{"allow":["GET"]}}],"collection":[{"href":"https:\/\/stankakristl-yachtcharter.at\/de\/wp-json\/wp\/v2\/pages"}],"about":[{"href":"https:\/\/stankakristl-yachtcharter.at\/de\/wp-json\/wp\/v2\/types\/page"}],"author":[{"embeddable":true,"href":"https:\/\/stankakristl-yachtcharter.at\/de\/wp-json\/wp\/v2\/users\/1"}],"replies":[{"embeddable":true,"href":"https:\/\/stankakristl-yachtcharter.at\/de\/wp-json\/wp\/v2\/comments?post=4167"}],"version-history":[{"count":4,"href":"https:\/\/stankakristl-yachtcharter.at\/de\/wp-json\/wp\/v2\/pages\/4167\/revisions"}],"predecessor-version":[{"id":4172,"href":"https:\/\/stankakristl-yachtcharter.at\/de\/wp-json\/wp\/v2\/pages\/4167\/revisions\/4172"}],"wp:attachment":[{"href":"https:\/\/stankakristl-yachtcharter.at\/de\/wp-json\/wp\/v2\/media?parent=4167"}],"curies":[{"name":"wp","href":"https:\/\/api.w.org\/{rel}","templated":true}]}}