{"id":2669,"date":"2024-03-13T16:12:04","date_gmt":"2024-03-13T16:12:04","guid":{"rendered":"https:\/\/stankakristl-yachtcharter.at\/yacht-pool-insurance\/"},"modified":"2024-12-10T18:56:10","modified_gmt":"2024-12-10T18:56:10","slug":"seguro-para-yacht-pool","status":"publish","type":"page","link":"https:\/\/stankakristl-yachtcharter.at\/es\/seguro-para-yacht-pool\/","title":{"rendered":"Seguro para Yacht-Pool"},"content":{"rendered":"<p>[vc_row gap=&#8221;0&#8243; content_placement=&#8221;middle&#8221; parallax=&#8221;enable_parallax&#8221; bg_position=&#8221;center top&#8221; enable_overlay=&#8221;yes&#8221; enable_row_dividers=&#8221;yes&#8221; responsive_css=&#8221;padding_top_large:300px|padding_bottom_large:200px&#8221; css=&#8221;.vc_custom_1709572185520{margin-bottom: 50px !important;padding-top: 120px !important;padding-bottom: 100px !important;background-image: url(https:\/\/stankakristl-yachtcharter.at\/wp-content\/uploads\/2024\/03\/bg-1.jpg?id=1884) !important;background-position: center;background-repeat: no-repeat;background-size: cover !important;}&#8221; overlay_bg=&#8221;rgba(0, 0, 0, 0.4)&#8221; el_class=&#8221;page_title&#8221; row_svg_divider=&#8221;bottom_shape_type:5|bottom_shape_color:%23ffffff|bottom_shape_height:199|bottom_shape_bringtofront:yes&#8221;][vc_column responsive_align=&#8221;text-center&#8221;]<style>.ld_fancy_heading_69e65952111a0 h1{color:rgb(255, 255, 255);}.ld_fancy_heading_69e65952111a0 h1 {font-size:36px; } @media (min-width: 768px) { .ld_fancy_heading_69e65952111a0 h1 {font-size:50px; }  } .ld_fancy_heading_69e65952111a0 .lqd-highlight-inner{height:0.275em!important;bottom:0px!important;}.ld_fancy_heading_69e65952111a0 h1 {font-size:36px; } @media (min-width: 768px) { .ld_fancy_heading_69e65952111a0 h1 {font-size:50px; }  } <\/style><div class=\"ld-fancy-heading text-center ld_fancy_heading_69e65952111a0\">\n\t<h1 class=\"ld-fh-element lqd-highlight-underline lqd-highlight-grow-left text-decoration-default\"   >  Seguro para Yacht-Pool<\/h1><\/div>[vc_text_separator title=&#8221;\u2666&#8221; color=&#8221;white&#8221; border_width=&#8221;2&#8243; el_width=&#8221;30&#8243; el_class=&#8221;separator_white&#8221;][\/vc_column][\/vc_row][vc_row][vc_column width=&#8221;1\/4&#8243;][\/vc_column][vc_column width=&#8221;1\/4&#8243;]<style>.ld_spacer_69e65952117c6{height:32px;}<\/style>\n<div class=\"ld-empty-space ld_spacer_69e65952117c6\"><\/div>[vc_single_image image=&#8221;2040&#8243;][\/vc_column][vc_column width=&#8221;1\/4&#8243;]<style>.ld_spacer_69e65952118b2{height:32px;}<\/style>\n<div class=\"ld-empty-space ld_spacer_69e65952118b2\"><\/div>[vc_single_image image=&#8221;2039&#8243;][\/vc_column][vc_column width=&#8221;1\/4&#8243;][\/vc_column][\/vc_row][vc_row][vc_column]<style>.ld_spacer_69e6595211925{height:32px;}<\/style>\n<div class=\"ld-empty-space ld_spacer_69e6595211925\"><\/div><div  class=\"lqd-simple-heading-wrap ld_simple_heading_69e65952119b8\">\n<h2 class=\"lqd-simple-heading\">\n\tCon nosotros alquilan de forma segura: contamos con la revisi\u00f3n y confianza de YACHT \u2013 POOL!<\/h2>\n<\/div><style>.ld_spacer_69e6595211c95{height:32px;}<\/style>\n<div class=\"ld-empty-space ld_spacer_69e6595211c95\"><\/div>[vc_column_text]<\/p>\n<h3>SEGURO DE RESPONSABILIDAD CIVIL O DEP\u00d3SITO DEL PATR\u00d3N<\/h3>\n<p>Los seguros de responsabilidad del skipper o de dep\u00f3sito son siempre bienvenidos, tambi\u00e9n porque tienen una validez de un a\u00f1o y se prorrogan autom\u00e1ticamente a<br \/>\nmenos que se cancelen previamente.<\/p>\n<p>Como siempre, recomendamos Yacht Pool. Pueden encontrar la solicitud electr\u00f3nica en el siguiente enlace: <a href=\"https:\/\/yacht-pool.com\/charter-skipper-insurance\/\" target=\"_blank\" rel=\"noopener\">Comprehensive Charter Skipper Insurance | YACHT-POOL<\/a><\/p>\n<h3>RESERVA TU VUELO<\/h3>\n<p>Reserva tu vuelo con FLY&amp;SAIL: <a href=\"https:\/\/www.yachtpoolflights.de\/\" target=\"_blank\" rel=\"noopener\">Yachtpoolflight (yachtpoolflights.de)<\/a>[\/vc_column_text]<style>.ld_spacer_69e6595211d12{height:62px;}<\/style>\n<div class=\"ld-empty-space ld_spacer_69e6595211d12\"><\/div>[\/vc_column][\/vc_row]<\/p>\n","protected":false},"excerpt":{"rendered":"<p>[vc_row gap=&#8221;0&#8243; content_placement=&#8221;middle&#8221; parallax=&#8221;enable_parallax&#8221; bg_position=&#8221;center top&#8221; enable_overlay=&#8221;yes&#8221; enable_row_dividers=&#8221;yes&#8221; responsive_css=&#8221;padding_top_large:300px|padding_bottom_large:200px&#8221; css=&#8221;.vc_custom_1709572185520{margin-bottom: 50px !important;padding-top: 120px !important;padding-bottom: 100px !important;background-image: url(https:\/\/stankakristl-yachtcharter.at\/wp-content\/uploads\/2024\/03\/bg-1.jpg?id=1884) !important;background-position: center;background-repeat: no-repeat;background-size: cover !important;}&#8221; overlay_bg=&#8221;rgba(0, 0, 0, 0.4)&#8221; el_class=&#8221;page_title&#8221; row_svg_divider=&#8221;bottom_shape_type:5|bottom_shape_color:%23ffffff|bottom_shape_height:199|bottom_shape_bringtofront:yes&#8221;][vc_column responsive_align=&#8221;text-center&#8221;][vc_text_separator title=&#8221;\u2666&#8221; color=&#8221;white&#8221; border_width=&#8221;2&#8243; el_width=&#8221;30&#8243; el_class=&#8221;separator_white&#8221;][\/vc_column][\/vc_row][vc_row][vc_column width=&#8221;1\/4&#8243;][\/vc_column][vc_column width=&#8221;1\/4&#8243;][vc_single_image image=&#8221;2040&#8243;][\/vc_column][vc_column width=&#8221;1\/4&#8243;][vc_single_image image=&#8221;2039&#8243;][\/vc_column][vc_column width=&#8221;1\/4&#8243;][\/vc_column][\/vc_row][vc_row][vc_column][vc_column_text] SEGURO DE RESPONSABILIDAD CIVIL O DEP\u00d3SITO DEL PATR\u00d3N Los seguros de responsabilidad del skipper o [&hellip;]<\/p>\n","protected":false},"author":1,"featured_media":0,"parent":0,"menu_order":0,"comment_status":"closed","ping_status":"closed","template":"","meta":{"footnotes":""},"class_list":["post-2669","page","type-page","status-publish","hentry"],"_links":{"self":[{"href":"https:\/\/stankakristl-yachtcharter.at\/es\/wp-json\/wp\/v2\/pages\/2669","targetHints":{"allow":["GET"]}}],"collection":[{"href":"https:\/\/stankakristl-yachtcharter.at\/es\/wp-json\/wp\/v2\/pages"}],"about":[{"href":"https:\/\/stankakristl-yachtcharter.at\/es\/wp-json\/wp\/v2\/types\/page"}],"author":[{"embeddable":true,"href":"https:\/\/stankakristl-yachtcharter.at\/es\/wp-json\/wp\/v2\/users\/1"}],"replies":[{"embeddable":true,"href":"https:\/\/stankakristl-yachtcharter.at\/es\/wp-json\/wp\/v2\/comments?post=2669"}],"version-history":[{"count":3,"href":"https:\/\/stankakristl-yachtcharter.at\/es\/wp-json\/wp\/v2\/pages\/2669\/revisions"}],"predecessor-version":[{"id":2687,"href":"https:\/\/stankakristl-yachtcharter.at\/es\/wp-json\/wp\/v2\/pages\/2669\/revisions\/2687"}],"wp:attachment":[{"href":"https:\/\/stankakristl-yachtcharter.at\/es\/wp-json\/wp\/v2\/media?parent=2669"}],"curies":[{"name":"wp","href":"https:\/\/api.w.org\/{rel}","templated":true}]}}