{"id":4168,"date":"2026-03-12T18:44:59","date_gmt":"2026-03-12T18:44:59","guid":{"rendered":"https:\/\/stankakristl-yachtcharter.at\/official-dealership\/"},"modified":"2026-05-13T16:50:49","modified_gmt":"2026-05-13T16:50:49","slug":"distribuidor-oficial","status":"publish","type":"page","link":"https:\/\/stankakristl-yachtcharter.at\/es\/distribuidor-oficial\/","title":{"rendered":"Distribuidor oficial"},"content":{"rendered":"<p>[vc_row gap=&#8221;0&#8243; content_placement=&#8221;middle&#8221; parallax=&#8221;enable_parallax&#8221; bg_position=&#8221;center center&#8221; enable_overlay=&#8221;yes&#8221; enable_row_dividers=&#8221;yes&#8221; responsive_css=&#8221;padding_top_large:300px|padding_bottom_large:200px&#8221; css=&#8221;.vc_custom_1773342477723{margin-bottom: 50px !important;padding-top: 120px !important;padding-bottom: 100px !important;background-image: url(https:\/\/stankakristl-yachtcharter.at\/wp-content\/uploads\/2026\/03\/Copy-of-DJI_0547.webp?id=3386) !important;background-position: center;background-repeat: no-repeat !important;background-size: cover !important;}&#8221; overlay_bg=&#8221;rgba(0, 0, 0, 0.4)&#8221; el_class=&#8221;page_title&#8221; row_svg_divider=&#8221;bottom_shape_type:5|bottom_shape_color:%23ffffff|bottom_shape_height:199|bottom_shape_bringtofront:yes&#8221;][vc_column responsive_align=&#8221;text-center&#8221;]<style>.ld_fancy_heading_6a05e83fd07a9 h1{color:rgb(255, 255, 255);}.ld_fancy_heading_6a05e83fd07a9 h1 {font-size:36px; } @media (min-width: 768px) { .ld_fancy_heading_6a05e83fd07a9 h1 {font-size:50px; }  } .ld_fancy_heading_6a05e83fd07a9 .lqd-highlight-inner{height:0.275em!important;bottom:0px!important;}.ld_fancy_heading_6a05e83fd07a9 h1 {font-size:36px; } @media (min-width: 768px) { .ld_fancy_heading_6a05e83fd07a9 h1 {font-size:50px; }  } <\/style><div class=\"ld-fancy-heading text-center ld_fancy_heading_6a05e83fd07a9\">\n\t<h1 class=\"ld-fh-element lqd-highlight-underline lqd-highlight-grow-left text-decoration-default\"   >  Distribuidor oficial en Austria de catamaranes Dufour 48 y Cervetti 44<\/h1><\/div>[vc_text_separator title=&#8221;&#x2666;&#8221; color=&#8221;white&#8221; border_width=&#8221;2&#8243; el_width=&#8221;30&#8243; el_class=&#8221;separator_white&#8221;][\/vc_column][\/vc_row][vc_row gap=&#8221;25&#8243; content_placement=&#8221;middle&#8221; el_class=&#8221;dealership_wrap&#8221;][vc_column]<style>.ld_spacer_6a05e83fd097d{height:32px;}<\/style>\n<div class=\"ld-empty-space ld_spacer_6a05e83fd097d\"><\/div>[\/vc_column][vc_column width=&#8221;1\/3&#8243; el_class=&#8221;dealership_img&#8221;][vc_single_image image=&#8221;3390&#8243; style=&#8221;vc_box_rounded&#8221;][\/vc_column][vc_column width=&#8221;2\/3&#8243; el_class=&#8221;dealership_txt&#8221;][vc_column_text]Estimados aficionados a la navegaci\u00f3n:<\/p>\n<p>Es un honor para m\u00ed anunciarles que nos hemos convertido en el distribuidor oficial de los catamaranes a motor y a vela Dufour 48 y Cervetti 44 en Austria.<\/p>\n<p>Tanto si busca una versi\u00f3n para propietario con 3 camarotes como una versi\u00f3n de alquiler con 4 o 5 camarotes (disponible con el modelo Dufour 48), podemos adaptarnos a sus necesidades individuales.<\/p>\n<p>Para las versiones de alquiler, mi filial, Helios Stratos, ubicada en Marina Kremik, cerca de Primo\u0161ten (Croacia), ofrece un programa de gesti\u00f3n de alquileres y opciones de financiaci\u00f3n muy atractivas.[\/vc_column_text][\/vc_column][vc_column width=&#8221;2\/3&#8243; el_class=&#8221;dealership_txt alt&#8221;][vc_column_text]Haga realidad sus sue\u00f1os de ser propietario de su propia embarcaci\u00f3n. Deje el mantenimiento y el alquiler de su barco en nuestras manos y disfrute de todas las ventajas que ofrecen estos modelos de catamar\u00e1n.<\/p>\n<p>Puede encontrar fotos, v\u00eddeos y la lista de precios actuales en los enlaces correspondientes.<\/p>\n<p>Por supuesto, se pueden reservar plazas en cualquier momento, independientemente del modelo. Los catamaranes est\u00e1n amarrados en Marina Kremik, cerca de Primo\u0161ten.<\/p>\n<p>Estaremos encantados de responder a cualquier pregunta que tenga.<\/p>\n<p>Esperamos verle.<br \/>\nDaniel Klaric[\/vc_column_text][\/vc_column][vc_column width=&#8221;1\/3&#8243; el_class=&#8221;dealership_img alt&#8221;][vc_single_image image=&#8221;3393&#8243; style=&#8221;vc_box_rounded&#8221;][\/vc_column][vc_column]<style>.ld_spacer_6a05e83fd0a0b{height:60px;}<\/style>\n<div class=\"ld-empty-space ld_spacer_6a05e83fd0a0b\"><\/div>[\/vc_column][\/vc_row][vc_row gap=&#8221;25&#8243; css=&#8221;.vc_custom_1773343629855{padding-top: 50px !important;padding-bottom: 50px !important;background-color: #f4f4f4 !important;}&#8221; responsive_css=&#8221;padding_top_medium:70px|padding_bottom_medium:70px&#8221;][vc_column width=&#8221;1\/3&#8243;][vc_single_image image=&#8221;3379&#8243;][vc_column_text]<\/p>\n<h4>Dufour 48<\/h4>\n<p>El catamar\u00e1n Dufour 48 presenta un equilibrio perfecto entre la cubierta, la ba\u00f1era, el techo y la proa, que ocupan un tercio de la eslora total.[\/vc_column_text]<style>.ld_button_6a05e83fd0b46.btn-icon-solid .btn-icon{background:rgb(0, 152, 207);}.ld_button_6a05e83fd0b46.btn-icon-circle.btn-icon-ripple .btn-icon:before{border-color:rgb(0, 152, 207);}.ld_button_6a05e83fd0b46.btn-icon-solid:hover .btn-icon{background:#003d66;}.ld_button_6a05e83fd0b46{background-color:rgb(0, 152, 207);border-color:rgb(0, 152, 207);color:rgb(255, 255, 255);}.ld_button_6a05e83fd0b46:hover{background-color:#003d66;border-color:#003d66;color:rgb(255, 255, 255);}.ld_button_6a05e83fd0b46 .btn-gradient-bg-hover{background:-webkit-linear-gradient(to right, #003d66 0%, #003d66 100%);background:linear-gradient(to right, #003d66 0%, #003d66 100%);}.ld_button_6a05e83fd0b46 .btn-gradient-border defs stop:first-child{stop-color:rgb(0, 152, 207);}.ld_button_6a05e83fd0b46 .btn-gradient-border defs stop:last-child{stop-color:rgb(0, 152, 207);}.ld_button_6a05e83fd0b46:hover .btn-gradient-border defs stop:first-child{stop-color:#003d66;}.ld_button_6a05e83fd0b46:hover .btn-gradient-border defs stop:last-child{stop-color:#003d66;}<\/style><a href=\"\/es\/distribuidor-oficial\/dufour-48\/\" title=\"Dufour 48\" class=\"btn btn-solid border-thin btn-has-label ld_button_6a05e83fd0b46 vc_custom_1778690858440\" >\n\t<span>\n\t\n\t\t\t\t\t<span class=\"btn-txt\" data-text=\"Leer m\u00e1s\" >Leer m\u00e1s<\/span>\n\t\t\n\t\t\t\t\t<\/span>\n<\/a>\n<style>.ld_spacer_6a05e83fd1508{height:50px;}<\/style>\n<div class=\"ld-empty-space vc_hidden-sm vc_hidden-md vc_hidden-lg ld_spacer_6a05e83fd1508\"><\/div>[\/vc_column][vc_column width=&#8221;1\/3&#8243;][vc_single_image image=&#8221;3376&#8243;][vc_column_text]<\/p>\n<h4>Cervetii 44 SY (sailing yacht)<\/h4>\n<p>Al zarpar hacia una nueva era, el catamar\u00e1n Cervetti 44 representa la excelencia, la innovaci\u00f3n y un dise\u00f1o atractivo.[\/vc_column_text]<style>.ld_button_6a05e83fd1681.btn-icon-solid .btn-icon{background:rgb(0, 152, 207);}.ld_button_6a05e83fd1681.btn-icon-circle.btn-icon-ripple .btn-icon:before{border-color:rgb(0, 152, 207);}.ld_button_6a05e83fd1681.btn-icon-solid:hover .btn-icon{background:#003d66;}.ld_button_6a05e83fd1681{background-color:rgb(0, 152, 207);border-color:rgb(0, 152, 207);color:rgb(255, 255, 255);}.ld_button_6a05e83fd1681:hover{background-color:#003d66;border-color:#003d66;color:rgb(255, 255, 255);}.ld_button_6a05e83fd1681 .btn-gradient-bg-hover{background:-webkit-linear-gradient(to right, #003d66 0%, #003d66 100%);background:linear-gradient(to right, #003d66 0%, #003d66 100%);}.ld_button_6a05e83fd1681 .btn-gradient-border defs stop:first-child{stop-color:rgb(0, 152, 207);}.ld_button_6a05e83fd1681 .btn-gradient-border defs stop:last-child{stop-color:rgb(0, 152, 207);}.ld_button_6a05e83fd1681:hover .btn-gradient-border defs stop:first-child{stop-color:#003d66;}.ld_button_6a05e83fd1681:hover .btn-gradient-border defs stop:last-child{stop-color:#003d66;}<\/style><a href=\"\/es\/distribuidor-oficial\/cervetii-44-sy\/\" title=\"Cervetii 44 SY\" class=\"btn btn-solid border-thin btn-has-label ld_button_6a05e83fd1681 vc_custom_1778690853670\" >\n\t<span>\n\t\n\t\t\t\t\t<span class=\"btn-txt\" data-text=\"Leer m\u00e1s\" >Leer m\u00e1s<\/span>\n\t\t\n\t\t\t\t\t<\/span>\n<\/a>\n<style>.ld_spacer_6a05e83fd199e{height:50px;}<\/style>\n<div class=\"ld-empty-space vc_hidden-sm vc_hidden-md vc_hidden-lg ld_spacer_6a05e83fd199e\"><\/div>[\/vc_column][vc_column width=&#8221;1\/3&#8243;][vc_single_image image=&#8221;3382&#8243;][vc_column_text]<\/p>\n<h4>Cervetti 44 MY (motor yacht)<\/h4>\n<p>Monumento a la excelencia y la creatividad, el catamar\u00e1n Cervetti 44 define la navegaci\u00f3n a vela con su dise\u00f1o din\u00e1mico y caracter\u00edsticas \u00fanicas.[\/vc_column_text]<style>.ld_button_6a05e83fd1ada.btn-icon-solid .btn-icon{background:rgb(0, 152, 207);}.ld_button_6a05e83fd1ada.btn-icon-circle.btn-icon-ripple .btn-icon:before{border-color:rgb(0, 152, 207);}.ld_button_6a05e83fd1ada.btn-icon-solid:hover .btn-icon{background:#003d66;}.ld_button_6a05e83fd1ada{background-color:rgb(0, 152, 207);border-color:rgb(0, 152, 207);color:rgb(255, 255, 255);}.ld_button_6a05e83fd1ada:hover{background-color:#003d66;border-color:#003d66;color:rgb(255, 255, 255);}.ld_button_6a05e83fd1ada .btn-gradient-bg-hover{background:-webkit-linear-gradient(to right, #003d66 0%, #003d66 100%);background:linear-gradient(to right, #003d66 0%, #003d66 100%);}.ld_button_6a05e83fd1ada .btn-gradient-border defs stop:first-child{stop-color:rgb(0, 152, 207);}.ld_button_6a05e83fd1ada .btn-gradient-border defs stop:last-child{stop-color:rgb(0, 152, 207);}.ld_button_6a05e83fd1ada:hover .btn-gradient-border defs stop:first-child{stop-color:#003d66;}.ld_button_6a05e83fd1ada:hover .btn-gradient-border defs stop:last-child{stop-color:#003d66;}<\/style><a href=\"\/es\/distribuidor-oficial\/cervetti-44-my\/\" title=\"Cervetti 44 MY\" class=\"btn btn-solid border-thin btn-has-label ld_button_6a05e83fd1ada vc_custom_1778690845415\" >\n\t<span>\n\t\n\t\t\t\t\t<span class=\"btn-txt\" data-text=\"Leer m\u00e1s\" >Leer m\u00e1s<\/span>\n\t\t\n\t\t\t\t\t<\/span>\n<\/a>\n[\/vc_column][\/vc_row]<\/p>\n","protected":false},"excerpt":{"rendered":"<p>[vc_row gap=&#8221;0&#8243; content_placement=&#8221;middle&#8221; parallax=&#8221;enable_parallax&#8221; bg_position=&#8221;center center&#8221; enable_overlay=&#8221;yes&#8221; enable_row_dividers=&#8221;yes&#8221; responsive_css=&#8221;padding_top_large:300px|padding_bottom_large:200px&#8221; css=&#8221;.vc_custom_1773342477723{margin-bottom: 50px !important;padding-top: 120px !important;padding-bottom: 100px !important;background-image: url(https:\/\/stankakristl-yachtcharter.at\/wp-content\/uploads\/2026\/03\/Copy-of-DJI_0547.webp?id=3386) !important;background-position: center;background-repeat: no-repeat !important;background-size: cover !important;}&#8221; overlay_bg=&#8221;rgba(0, 0, 0, 0.4)&#8221; el_class=&#8221;page_title&#8221; row_svg_divider=&#8221;bottom_shape_type:5|bottom_shape_color:%23ffffff|bottom_shape_height:199|bottom_shape_bringtofront:yes&#8221;][vc_column responsive_align=&#8221;text-center&#8221;][vc_text_separator title=&#8221;&#x2666;&#8221; color=&#8221;white&#8221; border_width=&#8221;2&#8243; el_width=&#8221;30&#8243; el_class=&#8221;separator_white&#8221;][\/vc_column][\/vc_row][vc_row gap=&#8221;25&#8243; content_placement=&#8221;middle&#8221; el_class=&#8221;dealership_wrap&#8221;][vc_column][\/vc_column][vc_column width=&#8221;1\/3&#8243; el_class=&#8221;dealership_img&#8221;][vc_single_image image=&#8221;3390&#8243; style=&#8221;vc_box_rounded&#8221;][\/vc_column][vc_column width=&#8221;2\/3&#8243; el_class=&#8221;dealership_txt&#8221;][vc_column_text]Estimados aficionados a la navegaci\u00f3n: Es un honor para m\u00ed anunciarles que [&hellip;]<\/p>\n","protected":false},"author":1,"featured_media":0,"parent":0,"menu_order":0,"comment_status":"closed","ping_status":"closed","template":"","meta":{"footnotes":""},"class_list":["post-4168","page","type-page","status-publish","hentry"],"_links":{"self":[{"href":"https:\/\/stankakristl-yachtcharter.at\/es\/wp-json\/wp\/v2\/pages\/4168","targetHints":{"allow":["GET"]}}],"collection":[{"href":"https:\/\/stankakristl-yachtcharter.at\/es\/wp-json\/wp\/v2\/pages"}],"about":[{"href":"https:\/\/stankakristl-yachtcharter.at\/es\/wp-json\/wp\/v2\/types\/page"}],"author":[{"embeddable":true,"href":"https:\/\/stankakristl-yachtcharter.at\/es\/wp-json\/wp\/v2\/users\/1"}],"replies":[{"embeddable":true,"href":"https:\/\/stankakristl-yachtcharter.at\/es\/wp-json\/wp\/v2\/comments?post=4168"}],"version-history":[{"count":2,"href":"https:\/\/stankakristl-yachtcharter.at\/es\/wp-json\/wp\/v2\/pages\/4168\/revisions"}],"predecessor-version":[{"id":4174,"href":"https:\/\/stankakristl-yachtcharter.at\/es\/wp-json\/wp\/v2\/pages\/4168\/revisions\/4174"}],"wp:attachment":[{"href":"https:\/\/stankakristl-yachtcharter.at\/es\/wp-json\/wp\/v2\/media?parent=4168"}],"curies":[{"name":"wp","href":"https:\/\/api.w.org\/{rel}","templated":true}]}}